{"id":872,"date":"2017-02-28T17:35:42","date_gmt":"2017-02-28T16:35:42","guid":{"rendered":"http:\/\/b3concept.fr\/?page_id=872"},"modified":"2018-03-06T20:18:58","modified_gmt":"2018-03-06T19:18:58","slug":"cannes-gallia1611","status":"publish","type":"page","link":"https:\/\/b3concept.fr\/index.php\/cannes-gallia1611\/","title":{"rendered":"Cannes &#8211; Gallia &#8211; T2 &#8211; 420 000 \u20ac"},"content":{"rendered":"<p><img loading=\"lazy\" class=\"alignnone wp-image-881 size-full\" src=\"http:\/\/b3concept.fr\/wp-content\/uploads\/2017\/02\/0zs2w18ivf9msy9u79xkwuxfsg3p4slq1wh69bv34-4.jpg\" width=\"800\" height=\"450\" srcset=\"https:\/\/b3concept.fr\/wp-content\/uploads\/2017\/02\/0zs2w18ivf9msy9u79xkwuxfsg3p4slq1wh69bv34-4.jpg 800w, https:\/\/b3concept.fr\/wp-content\/uploads\/2017\/02\/0zs2w18ivf9msy9u79xkwuxfsg3p4slq1wh69bv34-4-300x169.jpg 300w, https:\/\/b3concept.fr\/wp-content\/uploads\/2017\/02\/0zs2w18ivf9msy9u79xkwuxfsg3p4slq1wh69bv34-4-768x432.jpg 768w\" sizes=\"(max-width: 706px) 89vw, (max-width: 767px) 82vw, 740px\" \/><\/p>\n<hr \/>\n<p style=\"text-align: justify;\">Au coeur du Quartier Montfleury, secteur tr\u00e8s convoit\u00e9 par sa situation et sa proximit\u00e9 Banane, \u00e0 350 m\u00e8tres de la rue d&rsquo;Antibes et 700 m\u00e8tres de la Croisette et des plages. Nich\u00e9 au coeur d&rsquo;un joli parc arbor\u00e9 d&rsquo;une belle r\u00e9sidence de standing ferm\u00e9e avec gardien. Appartement traversant en \u00e9tage avec ascenseur, type T 2\/3 de 63 m\u00b2 environ compos\u00e9 d&rsquo;une splendide entr\u00e9e type galerie d&rsquo;entr\u00e9e, desservant sur la partie Est, une cuisine ind\u00e9pendante et une chambre avec balcon filant, un dressing et une salle de bains; sur la partie Ouest un beau salon salle \u00e0 manger avec ses grandes baies vitr\u00e9es coulissantes donnant sur une terrasse de 10 m\u00b2 environ et sa vue sur le Parc. Situation, Calme et Prestige sont le triangle qualificatif de ce bien. Possibilit\u00e9 de transformer en 3 pi\u00e8ces avec 2 chambres (dans cette perspective, nous vous pr\u00e9senterons un plan en 3D). L&rsquo;appartement est en tr\u00e8s bon \u00e9tat, dot\u00e9 de climatisation pour assurer votre confort, porte blind\u00e9e pour votre s\u00e9curit\u00e9 et parking dans la r\u00e9sidence. Une cave vient compl\u00e9ter cet ensemble. Commerces et transports publics \u00e0 proximit\u00e9 imm\u00e9diate.<br \/>\nVotre conseill\u00e9 joignable 7\/7.<br \/>\nCoup de coeur assur\u00e9 !<\/p>\n\t\r\n    <div class=\"gal-container\" id=\"slgf_892\">\r\n\t\t            <!--get the post id-->\r\n\t\t\t\r\n            <!--Gallery Title-->\r\n\t\t\t                <div class=\"slg_title_class\">\r\n\t\t\t\t\tGalerie photos Cannes Gallia                <\/div>\r\n\t\t\t\r\n            <div class=\"gallery1 lightgallery_892\">\r\n\t\t\t\t\t\t\t\t\t\t<div class=\"col-md-6 col-sm-6 wl-gallery\" data-src=\"http:\/\/b3concept.fr\/wp-content\/uploads\/2017\/02\/1ibqvobxfrzlud8jnid77wgdydp7jzvvjn1hc5a8w-500x500.jpg\" >\r\n\r\n                            <div class=\"img-box-shadow\">\r\n\r\n\t\t\t\t\t\t\t\t                                <a title=\"\" class=\"swipebox_892\"\r\n                                   href=\"http:\/\/b3concept.fr\/wp-content\/uploads\/2017\/02\/1ibqvobxfrzlud8jnid77wgdydp7jzvvjn1hc5a8w.jpg\">\r\n                                    <div class=\"b-link-stroke b-animate-go\">\r\n                                        <img src=\"http:\/\/b3concept.fr\/wp-content\/uploads\/2017\/02\/1ibqvobxfrzlud8jnid77wgdydp7jzvvjn1hc5a8w-500x500.jpg\" class=\"gall-img-responsive\"\r\n                                             alt=\"1ibqvobxfrzlud8jnid77wgdydp7jzvvjn1hc5a8w\">\r\n                                    <\/div>\r\n                                <\/a>\r\n\r\n                                <!--Gallery Label-->\r\n\t\t\t\t\t\t\t\t                            <\/div>\r\n                        <\/div>\r\n\t\t\t\t\t\t\t\t\t\t\t\t<div class=\"col-md-6 col-sm-6 wl-gallery\" data-src=\"http:\/\/b3concept.fr\/wp-content\/uploads\/2017\/02\/17ye5demcdhspte8ezu109qt324a010uufv7fya74-500x500.jpg\" >\r\n\r\n                            <div class=\"img-box-shadow\">\r\n\r\n\t\t\t\t\t\t\t\t                                <a title=\"\" class=\"swipebox_892\"\r\n                                   href=\"http:\/\/b3concept.fr\/wp-content\/uploads\/2017\/02\/17ye5demcdhspte8ezu109qt324a010uufv7fya74.jpg\">\r\n                                    <div class=\"b-link-stroke b-animate-go\">\r\n                                        <img src=\"http:\/\/b3concept.fr\/wp-content\/uploads\/2017\/02\/17ye5demcdhspte8ezu109qt324a010uufv7fya74-500x500.jpg\" class=\"gall-img-responsive\"\r\n                                             alt=\"17ye5demcdhspte8ezu109qt324a010uufv7fya74\">\r\n                                    <\/div>\r\n                                <\/a>\r\n\r\n                                <!--Gallery Label-->\r\n\t\t\t\t\t\t\t\t                            <\/div>\r\n                        <\/div>\r\n\t\t\t\t\t\t\t\t\t\t\t\t<div class=\"col-md-6 col-sm-6 wl-gallery\" data-src=\"http:\/\/b3concept.fr\/wp-content\/uploads\/2017\/02\/08dakr9xhj23z0jhggi6k5d1h3dcgvu0hdr5qoly8-500x500.jpg\" >\r\n\r\n                            <div class=\"img-box-shadow\">\r\n\r\n\t\t\t\t\t\t\t\t                                <a title=\"\" class=\"swipebox_892\"\r\n                                   href=\"http:\/\/b3concept.fr\/wp-content\/uploads\/2017\/02\/08dakr9xhj23z0jhggi6k5d1h3dcgvu0hdr5qoly8.jpg\">\r\n                                    <div class=\"b-link-stroke b-animate-go\">\r\n                                        <img src=\"http:\/\/b3concept.fr\/wp-content\/uploads\/2017\/02\/08dakr9xhj23z0jhggi6k5d1h3dcgvu0hdr5qoly8-500x500.jpg\" class=\"gall-img-responsive\"\r\n                                             alt=\"08dakr9xhj23z0jhggi6k5d1h3dcgvu0hdr5qoly8\">\r\n                                    <\/div>\r\n                                <\/a>\r\n\r\n                                <!--Gallery Label-->\r\n\t\t\t\t\t\t\t\t                            <\/div>\r\n                        <\/div>\r\n\t\t\t\t\t\t\t\t\t\t\t\t<div class=\"col-md-6 col-sm-6 wl-gallery\" data-src=\"http:\/\/b3concept.fr\/wp-content\/uploads\/2017\/02\/0z93za6j3qe6752srkn78cengicj6hkn3khcmpvs0-500x500.jpg\" >\r\n\r\n                            <div class=\"img-box-shadow\">\r\n\r\n\t\t\t\t\t\t\t\t                                <a title=\"\" class=\"swipebox_892\"\r\n                                   href=\"http:\/\/b3concept.fr\/wp-content\/uploads\/2017\/02\/0z93za6j3qe6752srkn78cengicj6hkn3khcmpvs0.jpg\">\r\n                                    <div class=\"b-link-stroke b-animate-go\">\r\n                                        <img src=\"http:\/\/b3concept.fr\/wp-content\/uploads\/2017\/02\/0z93za6j3qe6752srkn78cengicj6hkn3khcmpvs0-500x500.jpg\" class=\"gall-img-responsive\"\r\n                                             alt=\"0z93za6j3qe6752srkn78cengicj6hkn3khcmpvs0\">\r\n                                    <\/div>\r\n                                <\/a>\r\n\r\n                                <!--Gallery Label-->\r\n\t\t\t\t\t\t\t\t                            <\/div>\r\n                        <\/div>\r\n\t\t\t\t\t\t\t\t\t\t\t\t<div class=\"col-md-6 col-sm-6 wl-gallery\" data-src=\"http:\/\/b3concept.fr\/wp-content\/uploads\/2017\/02\/03yu5812s4mjh8ts7ssg87qhj86f9pt40t0nxpo2o-500x500.jpg\" >\r\n\r\n                            <div class=\"img-box-shadow\">\r\n\r\n\t\t\t\t\t\t\t\t                                <a title=\"\" class=\"swipebox_892\"\r\n                                   href=\"http:\/\/b3concept.fr\/wp-content\/uploads\/2017\/02\/03yu5812s4mjh8ts7ssg87qhj86f9pt40t0nxpo2o.jpg\">\r\n                                    <div class=\"b-link-stroke b-animate-go\">\r\n                                        <img src=\"http:\/\/b3concept.fr\/wp-content\/uploads\/2017\/02\/03yu5812s4mjh8ts7ssg87qhj86f9pt40t0nxpo2o-500x500.jpg\" class=\"gall-img-responsive\"\r\n                                             alt=\"03yu5812s4mjh8ts7ssg87qhj86f9pt40t0nxpo2o\">\r\n                                    <\/div>\r\n                                <\/a>\r\n\r\n                                <!--Gallery Label-->\r\n\t\t\t\t\t\t\t\t                            <\/div>\r\n                        <\/div>\r\n\t\t\t\t\t\t\t\t\t\t\t\t<div class=\"col-md-6 col-sm-6 wl-gallery\" data-src=\"http:\/\/b3concept.fr\/wp-content\/uploads\/2017\/02\/03f3nmggeisz1d7f8vjt062kjpudbgy0yh682fggw-500x500.jpg\" >\r\n\r\n                            <div class=\"img-box-shadow\">\r\n\r\n\t\t\t\t\t\t\t\t                                <a title=\"\" class=\"swipebox_892\"\r\n                                   href=\"http:\/\/b3concept.fr\/wp-content\/uploads\/2017\/02\/03f3nmggeisz1d7f8vjt062kjpudbgy0yh682fggw.jpg\">\r\n                                    <div class=\"b-link-stroke b-animate-go\">\r\n                                        <img src=\"http:\/\/b3concept.fr\/wp-content\/uploads\/2017\/02\/03f3nmggeisz1d7f8vjt062kjpudbgy0yh682fggw-500x500.jpg\" class=\"gall-img-responsive\"\r\n                                             alt=\"03f3nmggeisz1d7f8vjt062kjpudbgy0yh682fggw\">\r\n                                    <\/div>\r\n                                <\/a>\r\n\r\n                                <!--Gallery Label-->\r\n\t\t\t\t\t\t\t\t                            <\/div>\r\n                        <\/div>\r\n\t\t\t\t\t\t\t\t\t\t\t\t<div class=\"col-md-6 col-sm-6 wl-gallery\" data-src=\"http:\/\/b3concept.fr\/wp-content\/uploads\/2017\/02\/1hk3omjo6z29ati02i18mq1cwweosqewa0ggkh44g-500x500.jpg\" >\r\n\r\n                            <div class=\"img-box-shadow\">\r\n\r\n\t\t\t\t\t\t\t\t                                <a title=\"\" class=\"swipebox_892\"\r\n                                   href=\"http:\/\/b3concept.fr\/wp-content\/uploads\/2017\/02\/1hk3omjo6z29ati02i18mq1cwweosqewa0ggkh44g.jpg\">\r\n                                    <div class=\"b-link-stroke b-animate-go\">\r\n                                        <img src=\"http:\/\/b3concept.fr\/wp-content\/uploads\/2017\/02\/1hk3omjo6z29ati02i18mq1cwweosqewa0ggkh44g-500x500.jpg\" class=\"gall-img-responsive\"\r\n                                             alt=\"1hk3omjo6z29ati02i18mq1cwweosqewa0ggkh44g\">\r\n                                    <\/div>\r\n                                <\/a>\r\n\r\n                                <!--Gallery Label-->\r\n\t\t\t\t\t\t\t\t                            <\/div>\r\n                        <\/div>\r\n\t\t\t\t\t\t\t\t\t\t\t\t<div class=\"col-md-6 col-sm-6 wl-gallery\" data-src=\"http:\/\/b3concept.fr\/wp-content\/uploads\/2017\/02\/0m0hxcl74ineyq0g7sf2gkxnj2x2z6hrnjj34dj4i-500x500.jpg\" >\r\n\r\n                            <div class=\"img-box-shadow\">\r\n\r\n\t\t\t\t\t\t\t\t                                <a title=\"\" class=\"swipebox_892\"\r\n                                   href=\"http:\/\/b3concept.fr\/wp-content\/uploads\/2017\/02\/0m0hxcl74ineyq0g7sf2gkxnj2x2z6hrnjj34dj4i.jpg\">\r\n                                    <div class=\"b-link-stroke b-animate-go\">\r\n                                        <img src=\"http:\/\/b3concept.fr\/wp-content\/uploads\/2017\/02\/0m0hxcl74ineyq0g7sf2gkxnj2x2z6hrnjj34dj4i-500x500.jpg\" class=\"gall-img-responsive\"\r\n                                             alt=\"0m0hxcl74ineyq0g7sf2gkxnj2x2z6hrnjj34dj4i\">\r\n                                    <\/div>\r\n                                <\/a>\r\n\r\n                                <!--Gallery Label-->\r\n\t\t\t\t\t\t\t\t                            <\/div>\r\n                        <\/div>\r\n\t\t\t\t\t\t            <\/div>\r\n\t\t    <\/div>\r\n\r\n    <!-- Swipe Box-->\r\n    \n<hr \/>\n<p>&nbsp;<\/p>\n<div id='gallery-1' class='gallery galleryid-892 gallery-columns-1 gallery-size-large'><figure class='gallery-item'>\n\t\t\t<div class='gallery-icon portrait'>\n\t\t\t\t<a href='https:\/\/b3concept.fr\/wp-content\/uploads\/2017\/02\/FICHE-1611-BD.png'><img width=\"525\" height=\"743\" src=\"https:\/\/b3concept.fr\/wp-content\/uploads\/2017\/02\/FICHE-1611-BD-724x1024.png\" class=\"attachment-large size-large\" alt=\"\" loading=\"lazy\" aria-describedby=\"gallery-1-893\" srcset=\"https:\/\/b3concept.fr\/wp-content\/uploads\/2017\/02\/FICHE-1611-BD-724x1024.png 724w, https:\/\/b3concept.fr\/wp-content\/uploads\/2017\/02\/FICHE-1611-BD-212x300.png 212w, https:\/\/b3concept.fr\/wp-content\/uploads\/2017\/02\/FICHE-1611-BD-768x1086.png 768w, https:\/\/b3concept.fr\/wp-content\/uploads\/2017\/02\/FICHE-1611-BD.png 1242w\" sizes=\"100vw\" \/><\/a>\n\t\t\t<\/div>\n\t\t\t\t<figcaption class='wp-caption-text gallery-caption' id='gallery-1-893'>\n\t\t\t\tFiche du bien PDF\n\t\t\t\t<\/figcaption><\/figure>\n\t\t<\/div>\n\n<hr \/>\n<p>&nbsp;<\/p>\n<p>&nbsp;<\/p>\n<p>&nbsp;<\/p>\n<p>&nbsp;<\/p>\n<p>&nbsp;<\/p>\n","protected":false},"excerpt":{"rendered":"<p>Au coeur du Quartier Montfleury, secteur tr\u00e8s convoit\u00e9 par sa situation et sa proximit\u00e9 Banane, \u00e0 350 m\u00e8tres de la rue d&rsquo;Antibes et 700 m\u00e8tres de la Croisette et des plages. Nich\u00e9 au coeur d&rsquo;un joli parc arbor\u00e9 d&rsquo;une belle r\u00e9sidence de standing ferm\u00e9e avec gardien. Appartement traversant en \u00e9tage avec ascenseur, type T 2\/3 &hellip; <\/p>\n<p class=\"link-more\"><a href=\"https:\/\/b3concept.fr\/?p=892\" class=\"more-link\">Continuer la lecture<span class=\"screen-reader-text\"> de &laquo;&nbsp;Galerie photos Cannes Gallia&nbsp;&raquo;<\/span><\/a><\/p>\n","protected":false},"author":1,"featured_media":0,"parent":0,"menu_order":0,"comment_status":"closed","ping_status":"closed","template":"","meta":[],"_links":{"self":[{"href":"https:\/\/b3concept.fr\/index.php\/wp-json\/wp\/v2\/pages\/872"}],"collection":[{"href":"https:\/\/b3concept.fr\/index.php\/wp-json\/wp\/v2\/pages"}],"about":[{"href":"https:\/\/b3concept.fr\/index.php\/wp-json\/wp\/v2\/types\/page"}],"author":[{"embeddable":true,"href":"https:\/\/b3concept.fr\/index.php\/wp-json\/wp\/v2\/users\/1"}],"replies":[{"embeddable":true,"href":"https:\/\/b3concept.fr\/index.php\/wp-json\/wp\/v2\/comments?post=872"}],"version-history":[{"count":8,"href":"https:\/\/b3concept.fr\/index.php\/wp-json\/wp\/v2\/pages\/872\/revisions"}],"predecessor-version":[{"id":1505,"href":"https:\/\/b3concept.fr\/index.php\/wp-json\/wp\/v2\/pages\/872\/revisions\/1505"}],"wp:attachment":[{"href":"https:\/\/b3concept.fr\/index.php\/wp-json\/wp\/v2\/media?parent=872"}],"curies":[{"name":"wp","href":"https:\/\/api.w.org\/{rel}","templated":true}]}}