{"id":517,"date":"2017-02-12T16:44:08","date_gmt":"2017-02-12T15:44:08","guid":{"rendered":"http:\/\/b3concept.fr\/?page_id=517"},"modified":"2017-02-28T18:12:39","modified_gmt":"2017-02-28T17:12:39","slug":"cannes1625","status":"publish","type":"page","link":"https:\/\/b3concept.fr\/index.php\/cannes1625\/","title":{"rendered":"Cannes, Exclusivit\u00e9 &#8211; Calmette &#8211; T3 &#8211; 340 000 \u20ac"},"content":{"rendered":"<p><img loading=\"lazy\" class=\"alignnone wp-image-704 size-full\" src=\"http:\/\/b3concept.fr\/wp-content\/uploads\/2017\/02\/DSC_0016-4.jpg\" width=\"4928\" height=\"2464\" srcset=\"https:\/\/b3concept.fr\/wp-content\/uploads\/2017\/02\/DSC_0016-4.jpg 4928w, https:\/\/b3concept.fr\/wp-content\/uploads\/2017\/02\/DSC_0016-4-300x150.jpg 300w, https:\/\/b3concept.fr\/wp-content\/uploads\/2017\/02\/DSC_0016-4-768x384.jpg 768w, https:\/\/b3concept.fr\/wp-content\/uploads\/2017\/02\/DSC_0016-4-1024x512.jpg 1024w\" sizes=\"(max-width: 706px) 89vw, (max-width: 767px) 82vw, 740px\" \/><\/p>\n<hr \/>\n<p style=\"text-align: justify;\">EXCLUSIVITE. A 3 minutes \u00e0 pied de la gare et \u00e0 10 minutes du Palais et des plages. Toutes commodit\u00e9s, commerces et transport \u00e0 proximit\u00e9 imm\u00e9diate. Vous pouvez laisser votre voiture \u00e0 l\u2019emplacement de parking en sous sol. Venez d\u00e9couvrir ce splendide appartement unique b\u00e9n\u00e9ficiant d\u2019atouts exceptionnels. Ce bel appartement type 3 pi\u00e8ces de 70 m\u00b2 environ et sa terrasse de 12 m\u00b2 expos\u00e9e Ouest et vue d\u00e9gag\u00e9e. Belle r\u00e9sidence s\u00e9curis\u00e9e avec gardien, au 2\u00e8me \u00e9tage avec ascenseur. Il se compose d\u2019une belle entr\u00e9e, un vaste s\u00e9jour salle \u00e0 manger avec sa cuisine attenante pouvant \u00eatre ouverte pour une cuisine US, 2 chambres, une salle de bains et un WC ind\u00e9pendant avec lave main. Au clame. Faible charges. Stores ext\u00e9rieurs \u00e9lectrique, fen\u00eatres double vitrage type Alu, volet \u00e9lectrique, porte blind\u00e9e. Parking en sous-sol. Immeuble moderne de 1995.<br \/>\nConvient parfaitement pour r\u00e9sidence secondaire, principale ou pour investisseurs locatif.<br \/>\nA visiter au plus vite.<\/p>\n\t\r\n    <div class=\"gal-container\" id=\"slgf_707\">\r\n\t\t            <!--get the post id-->\r\n\t\t\t\r\n            <!--Gallery Title-->\r\n\t\t\t                <div class=\"slg_title_class\">\r\n\t\t\t\t\tGalerie photos Cannes Calmette                <\/div>\r\n\t\t\t\r\n            <div class=\"gallery1 lightgallery_707\">\r\n\t\t\t\t\t\t\t\t\t\t<div class=\"col-md-6 col-sm-6 wl-gallery\" data-src=\"http:\/\/b3concept.fr\/wp-content\/uploads\/2017\/02\/DSC_0016-2-500x500.jpg\" >\r\n\r\n                            <div class=\"img-box-shadow\">\r\n\r\n\t\t\t\t\t\t\t\t                                <a title=\"\" class=\"swipebox_707\"\r\n                                   href=\"http:\/\/b3concept.fr\/wp-content\/uploads\/2017\/02\/DSC_0016-2.jpg\">\r\n                                    <div class=\"b-link-stroke b-animate-go\">\r\n                                        <img src=\"http:\/\/b3concept.fr\/wp-content\/uploads\/2017\/02\/DSC_0016-2-500x500.jpg\" class=\"gall-img-responsive\"\r\n                                             alt=\"DSC_0016 2\">\r\n                                    <\/div>\r\n                                <\/a>\r\n\r\n                                <!--Gallery Label-->\r\n\t\t\t\t\t\t\t\t                            <\/div>\r\n                        <\/div>\r\n\t\t\t\t\t\t\t\t\t\t\t\t<div class=\"col-md-6 col-sm-6 wl-gallery\" data-src=\"http:\/\/b3concept.fr\/wp-content\/uploads\/2017\/02\/DSC_0008-500x500.jpg\" >\r\n\r\n                            <div class=\"img-box-shadow\">\r\n\r\n\t\t\t\t\t\t\t\t                                <a title=\"\" class=\"swipebox_707\"\r\n                                   href=\"http:\/\/b3concept.fr\/wp-content\/uploads\/2017\/02\/DSC_0008.jpg\">\r\n                                    <div class=\"b-link-stroke b-animate-go\">\r\n                                        <img src=\"http:\/\/b3concept.fr\/wp-content\/uploads\/2017\/02\/DSC_0008-500x500.jpg\" class=\"gall-img-responsive\"\r\n                                             alt=\"DSC_0008\">\r\n                                    <\/div>\r\n                                <\/a>\r\n\r\n                                <!--Gallery Label-->\r\n\t\t\t\t\t\t\t\t                            <\/div>\r\n                        <\/div>\r\n\t\t\t\t\t\t\t\t\t\t\t\t<div class=\"col-md-6 col-sm-6 wl-gallery\" data-src=\"http:\/\/b3concept.fr\/wp-content\/uploads\/2017\/02\/DSC_0001-copie-500x500.jpg\" >\r\n\r\n                            <div class=\"img-box-shadow\">\r\n\r\n\t\t\t\t\t\t\t\t                                <a title=\"\" class=\"swipebox_707\"\r\n                                   href=\"http:\/\/b3concept.fr\/wp-content\/uploads\/2017\/02\/DSC_0001-copie.jpg\">\r\n                                    <div class=\"b-link-stroke b-animate-go\">\r\n                                        <img src=\"http:\/\/b3concept.fr\/wp-content\/uploads\/2017\/02\/DSC_0001-copie-500x500.jpg\" class=\"gall-img-responsive\"\r\n                                             alt=\"DSC_0001 copie\">\r\n                                    <\/div>\r\n                                <\/a>\r\n\r\n                                <!--Gallery Label-->\r\n\t\t\t\t\t\t\t\t                            <\/div>\r\n                        <\/div>\r\n\t\t\t\t\t\t\t\t\t\t\t\t<div class=\"col-md-6 col-sm-6 wl-gallery\" data-src=\"http:\/\/b3concept.fr\/wp-content\/uploads\/2017\/02\/DSC_0066-500x500.jpg\" >\r\n\r\n                            <div class=\"img-box-shadow\">\r\n\r\n\t\t\t\t\t\t\t\t                                <a title=\"\" class=\"swipebox_707\"\r\n                                   href=\"http:\/\/b3concept.fr\/wp-content\/uploads\/2017\/02\/DSC_0066.jpg\">\r\n                                    <div class=\"b-link-stroke b-animate-go\">\r\n                                        <img src=\"http:\/\/b3concept.fr\/wp-content\/uploads\/2017\/02\/DSC_0066-500x500.jpg\" class=\"gall-img-responsive\"\r\n                                             alt=\"DSC_0066\">\r\n                                    <\/div>\r\n                                <\/a>\r\n\r\n                                <!--Gallery Label-->\r\n\t\t\t\t\t\t\t\t                            <\/div>\r\n                        <\/div>\r\n\t\t\t\t\t\t\t\t\t\t\t\t<div class=\"col-md-6 col-sm-6 wl-gallery\" data-src=\"http:\/\/b3concept.fr\/wp-content\/uploads\/2017\/02\/DSC_0062-500x500.jpg\" >\r\n\r\n                            <div class=\"img-box-shadow\">\r\n\r\n\t\t\t\t\t\t\t\t                                <a title=\"\" class=\"swipebox_707\"\r\n                                   href=\"http:\/\/b3concept.fr\/wp-content\/uploads\/2017\/02\/DSC_0062.jpg\">\r\n                                    <div class=\"b-link-stroke b-animate-go\">\r\n                                        <img src=\"http:\/\/b3concept.fr\/wp-content\/uploads\/2017\/02\/DSC_0062-500x500.jpg\" class=\"gall-img-responsive\"\r\n                                             alt=\"DSC_0062\">\r\n                                    <\/div>\r\n                                <\/a>\r\n\r\n                                <!--Gallery Label-->\r\n\t\t\t\t\t\t\t\t                            <\/div>\r\n                        <\/div>\r\n\t\t\t\t\t\t\t\t\t\t\t\t<div class=\"col-md-6 col-sm-6 wl-gallery\" data-src=\"http:\/\/b3concept.fr\/wp-content\/uploads\/2017\/02\/DSC_0080-500x500.jpg\" >\r\n\r\n                            <div class=\"img-box-shadow\">\r\n\r\n\t\t\t\t\t\t\t\t                                <a title=\"\" class=\"swipebox_707\"\r\n                                   href=\"http:\/\/b3concept.fr\/wp-content\/uploads\/2017\/02\/DSC_0080.jpg\">\r\n                                    <div class=\"b-link-stroke b-animate-go\">\r\n                                        <img src=\"http:\/\/b3concept.fr\/wp-content\/uploads\/2017\/02\/DSC_0080-500x500.jpg\" class=\"gall-img-responsive\"\r\n                                             alt=\"DSC_0080\">\r\n                                    <\/div>\r\n                                <\/a>\r\n\r\n                                <!--Gallery Label-->\r\n\t\t\t\t\t\t\t\t                            <\/div>\r\n                        <\/div>\r\n\t\t\t\t\t\t\t\t\t\t\t\t<div class=\"col-md-6 col-sm-6 wl-gallery\" data-src=\"http:\/\/b3concept.fr\/wp-content\/uploads\/2017\/02\/DSC_0025-500x500.jpg\" >\r\n\r\n                            <div class=\"img-box-shadow\">\r\n\r\n\t\t\t\t\t\t\t\t                                <a title=\"\" class=\"swipebox_707\"\r\n                                   href=\"http:\/\/b3concept.fr\/wp-content\/uploads\/2017\/02\/DSC_0025.jpg\">\r\n                                    <div class=\"b-link-stroke b-animate-go\">\r\n                                        <img src=\"http:\/\/b3concept.fr\/wp-content\/uploads\/2017\/02\/DSC_0025-500x500.jpg\" class=\"gall-img-responsive\"\r\n                                             alt=\"DSC_0025\">\r\n                                    <\/div>\r\n                                <\/a>\r\n\r\n                                <!--Gallery Label-->\r\n\t\t\t\t\t\t\t\t                            <\/div>\r\n                        <\/div>\r\n\t\t\t\t\t\t\t\t\t\t\t\t<div class=\"col-md-6 col-sm-6 wl-gallery\" data-src=\"http:\/\/b3concept.fr\/wp-content\/uploads\/2017\/02\/DSC_0033-500x500.jpg\" >\r\n\r\n                            <div class=\"img-box-shadow\">\r\n\r\n\t\t\t\t\t\t\t\t                                <a title=\"\" class=\"swipebox_707\"\r\n                                   href=\"http:\/\/b3concept.fr\/wp-content\/uploads\/2017\/02\/DSC_0033.jpg\">\r\n                                    <div class=\"b-link-stroke b-animate-go\">\r\n                                        <img src=\"http:\/\/b3concept.fr\/wp-content\/uploads\/2017\/02\/DSC_0033-500x500.jpg\" class=\"gall-img-responsive\"\r\n                                             alt=\"DSC_0033\">\r\n                                    <\/div>\r\n                                <\/a>\r\n\r\n                                <!--Gallery Label-->\r\n\t\t\t\t\t\t\t\t                            <\/div>\r\n                        <\/div>\r\n\t\t\t\t\t\t\t\t\t\t\t\t<div class=\"col-md-6 col-sm-6 wl-gallery\" data-src=\"http:\/\/b3concept.fr\/wp-content\/uploads\/2017\/02\/DSC_0083-500x500.jpg\" >\r\n\r\n                            <div class=\"img-box-shadow\">\r\n\r\n\t\t\t\t\t\t\t\t                                <a title=\"\" class=\"swipebox_707\"\r\n                                   href=\"http:\/\/b3concept.fr\/wp-content\/uploads\/2017\/02\/DSC_0083.jpg\">\r\n                                    <div class=\"b-link-stroke b-animate-go\">\r\n                                        <img src=\"http:\/\/b3concept.fr\/wp-content\/uploads\/2017\/02\/DSC_0083-500x500.jpg\" class=\"gall-img-responsive\"\r\n                                             alt=\"DSC_0083\">\r\n                                    <\/div>\r\n                                <\/a>\r\n\r\n                                <!--Gallery Label-->\r\n\t\t\t\t\t\t\t\t                            <\/div>\r\n                        <\/div>\r\n\t\t\t\t\t\t\t\t\t\t\t\t<div class=\"col-md-6 col-sm-6 wl-gallery\" data-src=\"http:\/\/b3concept.fr\/wp-content\/uploads\/2017\/02\/DSC_0042B-1-500x500.jpg\" >\r\n\r\n                            <div class=\"img-box-shadow\">\r\n\r\n\t\t\t\t\t\t\t\t                                <a title=\"\" class=\"swipebox_707\"\r\n                                   href=\"http:\/\/b3concept.fr\/wp-content\/uploads\/2017\/02\/DSC_0042B-1.jpg\">\r\n                                    <div class=\"b-link-stroke b-animate-go\">\r\n                                        <img src=\"http:\/\/b3concept.fr\/wp-content\/uploads\/2017\/02\/DSC_0042B-1-500x500.jpg\" class=\"gall-img-responsive\"\r\n                                             alt=\"DSC_0042B\">\r\n                                    <\/div>\r\n                                <\/a>\r\n\r\n                                <!--Gallery Label-->\r\n\t\t\t\t\t\t\t\t                            <\/div>\r\n                        <\/div>\r\n\t\t\t\t\t\t            <\/div>\r\n\t\t    <\/div>\r\n\r\n    <!-- Swipe Box-->\r\n    \n<hr \/>\n<div id='gallery-1' class='gallery galleryid-707 gallery-columns-1 gallery-size-large'><figure class='gallery-item'>\n\t\t\t<div class='gallery-icon portrait'>\n\t\t\t\t<a href='https:\/\/b3concept.fr\/wp-content\/uploads\/2017\/02\/Fiche-1625-BD.png'><img width=\"525\" height=\"744\" src=\"https:\/\/b3concept.fr\/wp-content\/uploads\/2017\/02\/Fiche-1625-BD-723x1024.png\" class=\"attachment-large size-large\" alt=\"\" loading=\"lazy\" aria-describedby=\"gallery-1-720\" srcset=\"https:\/\/b3concept.fr\/wp-content\/uploads\/2017\/02\/Fiche-1625-BD-723x1024.png 723w, https:\/\/b3concept.fr\/wp-content\/uploads\/2017\/02\/Fiche-1625-BD-212x300.png 212w, https:\/\/b3concept.fr\/wp-content\/uploads\/2017\/02\/Fiche-1625-BD-768x1087.png 768w, https:\/\/b3concept.fr\/wp-content\/uploads\/2017\/02\/Fiche-1625-BD.png 1242w\" sizes=\"100vw\" \/><\/a>\n\t\t\t<\/div>\n\t\t\t\t<figcaption class='wp-caption-text gallery-caption' id='gallery-1-720'>\n\t\t\t\tFiche du bien PDF\n\t\t\t\t<\/figcaption><\/figure>\n\t\t<\/div>\n\n<hr \/>\n<p>&nbsp;<\/p>\n","protected":false},"excerpt":{"rendered":"<p>EXCLUSIVITE. A 3 minutes \u00e0 pied de la gare et \u00e0 10 minutes du Palais et des plages. Toutes commodit\u00e9s, commerces et transport \u00e0 proximit\u00e9 imm\u00e9diate. Vous pouvez laisser votre voiture \u00e0 l\u2019emplacement de parking en sous sol. Venez d\u00e9couvrir ce splendide appartement unique b\u00e9n\u00e9ficiant d\u2019atouts exceptionnels. Ce bel appartement type 3 pi\u00e8ces de 70 &hellip; <\/p>\n<p class=\"link-more\"><a href=\"https:\/\/b3concept.fr\/?p=707\" class=\"more-link\">Continuer la lecture<span class=\"screen-reader-text\"> de &laquo;&nbsp;Galerie photos Cannes Calmette&nbsp;&raquo;<\/span><\/a><\/p>\n","protected":false},"author":1,"featured_media":0,"parent":0,"menu_order":0,"comment_status":"closed","ping_status":"closed","template":"","meta":[],"_links":{"self":[{"href":"https:\/\/b3concept.fr\/index.php\/wp-json\/wp\/v2\/pages\/517"}],"collection":[{"href":"https:\/\/b3concept.fr\/index.php\/wp-json\/wp\/v2\/pages"}],"about":[{"href":"https:\/\/b3concept.fr\/index.php\/wp-json\/wp\/v2\/types\/page"}],"author":[{"embeddable":true,"href":"https:\/\/b3concept.fr\/index.php\/wp-json\/wp\/v2\/users\/1"}],"replies":[{"embeddable":true,"href":"https:\/\/b3concept.fr\/index.php\/wp-json\/wp\/v2\/comments?post=517"}],"version-history":[{"count":11,"href":"https:\/\/b3concept.fr\/index.php\/wp-json\/wp\/v2\/pages\/517\/revisions"}],"predecessor-version":[{"id":902,"href":"https:\/\/b3concept.fr\/index.php\/wp-json\/wp\/v2\/pages\/517\/revisions\/902"}],"wp:attachment":[{"href":"https:\/\/b3concept.fr\/index.php\/wp-json\/wp\/v2\/media?parent=517"}],"curies":[{"name":"wp","href":"https:\/\/api.w.org\/{rel}","templated":true}]}}