{"id":1979,"date":"2022-01-15T14:36:13","date_gmt":"2022-01-15T13:36:13","guid":{"rendered":"http:\/\/b3concept.fr\/?page_id=1979"},"modified":"2022-01-15T15:36:55","modified_gmt":"2022-01-15T14:36:55","slug":"mandelieu-la-napoule-termes-t4-villa-211214","status":"publish","type":"page","link":"https:\/\/b3concept.fr\/index.php\/mandelieu-la-napoule-termes-t4-villa-211214\/","title":{"rendered":"Mandelieu-la-napoule &#8211; Termes &#8211; T4 &#8211; Villa &#8211; 680 000 \u20ac"},"content":{"rendered":"<p><img loading=\"lazy\" class=\"alignnone wp-image-1984 size-full\" src=\"http:\/\/b3concept.fr\/wp-content\/uploads\/2022\/01\/image000000-copie-2.jpg\" alt=\"\" width=\"1280\" height=\"668\" srcset=\"https:\/\/b3concept.fr\/wp-content\/uploads\/2022\/01\/image000000-copie-2.jpg 1280w, https:\/\/b3concept.fr\/wp-content\/uploads\/2022\/01\/image000000-copie-2-300x157.jpg 300w, https:\/\/b3concept.fr\/wp-content\/uploads\/2022\/01\/image000000-copie-2-768x401.jpg 768w, https:\/\/b3concept.fr\/wp-content\/uploads\/2022\/01\/image000000-copie-2-1024x534.jpg 1024w\" sizes=\"(max-width: 706px) 89vw, (max-width: 767px) 82vw, 740px\" \/><\/p>\n<p style=\"text-align: justify;\">Villa proven\u00e7ale avec vue mer et collines de l\u2019Est\u00e9rel nich\u00e9e dans son \u00e9crin de verdure. Situ\u00e9e dans les hauteurs de Mandelieu, sur un terrain piscinable de 739 m\u00b2 environ, elle se d\u00e9marque par son cot\u00e9 atypique et authentique. Conviendra parfaitement pour les amoureux des pierres apparentes, elle est \u00e9difi\u00e9e sur deux niveaux pour une surface habitable totale de 130 m\u00b2 environ, avec une v\u00e9randa.<\/p>\n<p style=\"text-align: justify;\">Les deux niveaux sont reli\u00e9s par un escalier int\u00e9rieur mais poss\u00e8des \u00e9galement des acc\u00e8s distincts offrant la possibilit\u00e9 de cr\u00e9er deux appartements ind\u00e9pendants.<\/p>\n<p style=\"text-align: justify;\">La propri\u00e9t\u00e9 poss\u00e8de deux acc\u00e8s, un acc\u00e8s pi\u00e9ton sur la partie basse et un acc\u00e8s voiture sur la partie haute.<\/p>\n<p style=\"text-align: justify;\">Un garage ind\u00e9pendant de 18 m\u00b2 en maison de pierre et \u00e9quip\u00e9 de l\u2019eau et de l\u2019\u00e9lectricit\u00e9 peut \u00eatre transform\u00e9 en d\u00e9pendance.<\/p>\n<p style=\"text-align: justify;\">La maison se compose \u00e0 l\u2019\u00e9tage d\u2019une entr\u00e9e en verri\u00e8re, un s\u00e9jour avec sa vue mer et son balcon filant offrant un panorama mer et collines, une cuisine ind\u00e9pendante pouvant \u00eatre transform\u00e9e en cuisine US, une chambre et une salle de bains, grenier am\u00e9nageable\u00a0; Elle se compose \u00e9galement en rez-de-jardin de deux chambre dont une tr\u00e8s grande, un coin kitchenette, une salle d\u2019eau et une buanderie.<\/p>\n<p>Votre conseiller joignable 7\/7. \u00a0 \u00a0 \u00a0 \u00a0 \u00a0 \u00a0 \u00a0 \u00a0 \u00a0 \u00a0 \u00a0 \u00a0 \u00a0 \u00a0 \u00a0 \u00a0 \u00a0 \u00a0 \u00a0 \u00a0 \u00a0 \u00a0 \u00a0 \u00a0 \u00a0 \u00a0 \u00a0 \u00a0 \u00a0 \u00a0 \u00a0 \u00a0 \u00a0 \u00a0 \u00a0 \u00a0 \u00a0 \u00a0 \u00a0 \u00a0 \u00a0 \u00a0 \u00a0 \u00a0 \u00a0 \u00a0 \u00a0 \u00a0 \u00a0 \u00a0 \u00a0 \u00a0<\/p>\n<p>Le prix de vente est pr\u00e9sent\u00e9 \u00ab\u00a0Honoraires d&rsquo;Agence Inclus (HAI.) \u00ab\u00a0.<\/p>\n<p>Honoraires d&rsquo;agence \u00e0 la charge du vendeur.\u00a0Agence LC Immobilier.<\/p>\n<p>Agent Commercial B3 Concept EIRL RCS 430 275 875 RSAC ANTIBES.<\/p>\n\t\r\n    <div class=\"gal-container\" id=\"slgf_2006\">\r\n\t\t            <!--get the post id-->\r\n\t\t\t\r\n            <!--Gallery Title-->\r\n\t\t\t                <div class=\"slg_title_class\">\r\n\t\t\t\t\tGalerie photos Villa Mandelieu Termes                <\/div>\r\n\t\t\t\r\n            <div class=\"gallery1 lightgallery_2006\">\r\n\t\t\t\t\t\t\t\t\t\t<div class=\"col-md-6 col-sm-6 wl-gallery\" data-src=\"http:\/\/b3concept.fr\/wp-content\/uploads\/2022\/01\/02-500x500.jpg\" >\r\n\r\n                            <div class=\"img-box-shadow\">\r\n\r\n\t\t\t\t\t\t\t\t                                <a title=\"\" class=\"swipebox_2006\"\r\n                                   href=\"http:\/\/b3concept.fr\/wp-content\/uploads\/2022\/01\/02.jpg\">\r\n                                    <div class=\"b-link-stroke b-animate-go\">\r\n                                        <img src=\"http:\/\/b3concept.fr\/wp-content\/uploads\/2022\/01\/02-500x500.jpg\" class=\"gall-img-responsive\"\r\n                                             alt=\"02\">\r\n                                    <\/div>\r\n                                <\/a>\r\n\r\n                                <!--Gallery Label-->\r\n\t\t\t\t\t\t\t\t                            <\/div>\r\n                        <\/div>\r\n\t\t\t\t\t\t\t\t\t\t\t\t<div class=\"col-md-6 col-sm-6 wl-gallery\" data-src=\"http:\/\/b3concept.fr\/wp-content\/uploads\/2022\/01\/03-500x500.jpg\" >\r\n\r\n                            <div class=\"img-box-shadow\">\r\n\r\n\t\t\t\t\t\t\t\t                                <a title=\"\" class=\"swipebox_2006\"\r\n                                   href=\"http:\/\/b3concept.fr\/wp-content\/uploads\/2022\/01\/03.jpg\">\r\n                                    <div class=\"b-link-stroke b-animate-go\">\r\n                                        <img src=\"http:\/\/b3concept.fr\/wp-content\/uploads\/2022\/01\/03-500x500.jpg\" class=\"gall-img-responsive\"\r\n                                             alt=\"03\">\r\n                                    <\/div>\r\n                                <\/a>\r\n\r\n                                <!--Gallery Label-->\r\n\t\t\t\t\t\t\t\t                            <\/div>\r\n                        <\/div>\r\n\t\t\t\t\t\t\t\t\t\t\t\t<div class=\"col-md-6 col-sm-6 wl-gallery\" data-src=\"http:\/\/b3concept.fr\/wp-content\/uploads\/2022\/01\/IMG_5928-500x500.jpg\" >\r\n\r\n                            <div class=\"img-box-shadow\">\r\n\r\n\t\t\t\t\t\t\t\t                                <a title=\"\" class=\"swipebox_2006\"\r\n                                   href=\"http:\/\/b3concept.fr\/wp-content\/uploads\/2022\/01\/IMG_5928.jpg\">\r\n                                    <div class=\"b-link-stroke b-animate-go\">\r\n                                        <img src=\"http:\/\/b3concept.fr\/wp-content\/uploads\/2022\/01\/IMG_5928-500x500.jpg\" class=\"gall-img-responsive\"\r\n                                             alt=\"IMG_5928\">\r\n                                    <\/div>\r\n                                <\/a>\r\n\r\n                                <!--Gallery Label-->\r\n\t\t\t\t\t\t\t\t                            <\/div>\r\n                        <\/div>\r\n\t\t\t\t\t\t\t\t\t\t\t\t<div class=\"col-md-6 col-sm-6 wl-gallery\" data-src=\"http:\/\/b3concept.fr\/wp-content\/uploads\/2022\/01\/05-500x500.jpg\" >\r\n\r\n                            <div class=\"img-box-shadow\">\r\n\r\n\t\t\t\t\t\t\t\t                                <a title=\"\" class=\"swipebox_2006\"\r\n                                   href=\"http:\/\/b3concept.fr\/wp-content\/uploads\/2022\/01\/05.jpg\">\r\n                                    <div class=\"b-link-stroke b-animate-go\">\r\n                                        <img src=\"http:\/\/b3concept.fr\/wp-content\/uploads\/2022\/01\/05-500x500.jpg\" class=\"gall-img-responsive\"\r\n                                             alt=\"05\">\r\n                                    <\/div>\r\n                                <\/a>\r\n\r\n                                <!--Gallery Label-->\r\n\t\t\t\t\t\t\t\t                            <\/div>\r\n                        <\/div>\r\n\t\t\t\t\t\t\t\t\t\t\t\t<div class=\"col-md-6 col-sm-6 wl-gallery\" data-src=\"http:\/\/b3concept.fr\/wp-content\/uploads\/2022\/01\/IMG_5813-500x500.jpg\" >\r\n\r\n                            <div class=\"img-box-shadow\">\r\n\r\n\t\t\t\t\t\t\t\t                                <a title=\"\" class=\"swipebox_2006\"\r\n                                   href=\"http:\/\/b3concept.fr\/wp-content\/uploads\/2022\/01\/IMG_5813.jpg\">\r\n                                    <div class=\"b-link-stroke b-animate-go\">\r\n                                        <img src=\"http:\/\/b3concept.fr\/wp-content\/uploads\/2022\/01\/IMG_5813-500x500.jpg\" class=\"gall-img-responsive\"\r\n                                             alt=\"IMG_5813\">\r\n                                    <\/div>\r\n                                <\/a>\r\n\r\n                                <!--Gallery Label-->\r\n\t\t\t\t\t\t\t\t                            <\/div>\r\n                        <\/div>\r\n\t\t\t\t\t\t\t\t\t\t\t\t<div class=\"col-md-6 col-sm-6 wl-gallery\" data-src=\"http:\/\/b3concept.fr\/wp-content\/uploads\/2022\/01\/04-500x500.jpg\" >\r\n\r\n                            <div class=\"img-box-shadow\">\r\n\r\n\t\t\t\t\t\t\t\t                                <a title=\"\" class=\"swipebox_2006\"\r\n                                   href=\"http:\/\/b3concept.fr\/wp-content\/uploads\/2022\/01\/04.jpg\">\r\n                                    <div class=\"b-link-stroke b-animate-go\">\r\n                                        <img src=\"http:\/\/b3concept.fr\/wp-content\/uploads\/2022\/01\/04-500x500.jpg\" class=\"gall-img-responsive\"\r\n                                             alt=\"04\">\r\n                                    <\/div>\r\n                                <\/a>\r\n\r\n                                <!--Gallery Label-->\r\n\t\t\t\t\t\t\t\t                            <\/div>\r\n                        <\/div>\r\n\t\t\t\t\t\t\t\t\t\t\t\t<div class=\"col-md-6 col-sm-6 wl-gallery\" data-src=\"http:\/\/b3concept.fr\/wp-content\/uploads\/2022\/01\/IMG_5888-500x500.jpg\" >\r\n\r\n                            <div class=\"img-box-shadow\">\r\n\r\n\t\t\t\t\t\t\t\t                                <a title=\"\" class=\"swipebox_2006\"\r\n                                   href=\"http:\/\/b3concept.fr\/wp-content\/uploads\/2022\/01\/IMG_5888.jpg\">\r\n                                    <div class=\"b-link-stroke b-animate-go\">\r\n                                        <img src=\"http:\/\/b3concept.fr\/wp-content\/uploads\/2022\/01\/IMG_5888-500x500.jpg\" class=\"gall-img-responsive\"\r\n                                             alt=\"IMG_5888\">\r\n                                    <\/div>\r\n                                <\/a>\r\n\r\n                                <!--Gallery Label-->\r\n\t\t\t\t\t\t\t\t                            <\/div>\r\n                        <\/div>\r\n\t\t\t\t\t\t\t\t\t\t\t\t<div class=\"col-md-6 col-sm-6 wl-gallery\" data-src=\"http:\/\/b3concept.fr\/wp-content\/uploads\/2022\/01\/IMG_5832-500x500.jpg\" >\r\n\r\n                            <div class=\"img-box-shadow\">\r\n\r\n\t\t\t\t\t\t\t\t                                <a title=\"\" class=\"swipebox_2006\"\r\n                                   href=\"http:\/\/b3concept.fr\/wp-content\/uploads\/2022\/01\/IMG_5832.jpg\">\r\n                                    <div class=\"b-link-stroke b-animate-go\">\r\n                                        <img src=\"http:\/\/b3concept.fr\/wp-content\/uploads\/2022\/01\/IMG_5832-500x500.jpg\" class=\"gall-img-responsive\"\r\n                                             alt=\"IMG_5832\">\r\n                                    <\/div>\r\n                                <\/a>\r\n\r\n                                <!--Gallery Label-->\r\n\t\t\t\t\t\t\t\t                            <\/div>\r\n                        <\/div>\r\n\t\t\t\t\t\t\t\t\t\t\t\t<div class=\"col-md-6 col-sm-6 wl-gallery\" data-src=\"http:\/\/b3concept.fr\/wp-content\/uploads\/2022\/01\/IMG_5833-500x500.jpg\" >\r\n\r\n                            <div class=\"img-box-shadow\">\r\n\r\n\t\t\t\t\t\t\t\t                                <a title=\"\" class=\"swipebox_2006\"\r\n                                   href=\"http:\/\/b3concept.fr\/wp-content\/uploads\/2022\/01\/IMG_5833.jpg\">\r\n                                    <div class=\"b-link-stroke b-animate-go\">\r\n                                        <img src=\"http:\/\/b3concept.fr\/wp-content\/uploads\/2022\/01\/IMG_5833-500x500.jpg\" class=\"gall-img-responsive\"\r\n                                             alt=\"IMG_5833\">\r\n                                    <\/div>\r\n                                <\/a>\r\n\r\n                                <!--Gallery Label-->\r\n\t\t\t\t\t\t\t\t                            <\/div>\r\n                        <\/div>\r\n\t\t\t\t\t\t\t\t\t\t\t\t<div class=\"col-md-6 col-sm-6 wl-gallery\" data-src=\"http:\/\/b3concept.fr\/wp-content\/uploads\/2022\/01\/IMG_5918-500x500.jpg\" >\r\n\r\n                            <div class=\"img-box-shadow\">\r\n\r\n\t\t\t\t\t\t\t\t                                <a title=\"\" class=\"swipebox_2006\"\r\n                                   href=\"http:\/\/b3concept.fr\/wp-content\/uploads\/2022\/01\/IMG_5918.jpg\">\r\n                                    <div class=\"b-link-stroke b-animate-go\">\r\n                                        <img src=\"http:\/\/b3concept.fr\/wp-content\/uploads\/2022\/01\/IMG_5918-500x500.jpg\" class=\"gall-img-responsive\"\r\n                                             alt=\"IMG_5918\">\r\n                                    <\/div>\r\n                                <\/a>\r\n\r\n                                <!--Gallery Label-->\r\n\t\t\t\t\t\t\t\t                            <\/div>\r\n                        <\/div>\r\n\t\t\t\t\t\t\t\t\t\t\t\t<div class=\"col-md-6 col-sm-6 wl-gallery\" data-src=\"http:\/\/b3concept.fr\/wp-content\/uploads\/2022\/01\/IMG_5905-500x500.jpg\" >\r\n\r\n                            <div class=\"img-box-shadow\">\r\n\r\n\t\t\t\t\t\t\t\t                                <a title=\"\" class=\"swipebox_2006\"\r\n                                   href=\"http:\/\/b3concept.fr\/wp-content\/uploads\/2022\/01\/IMG_5905.jpg\">\r\n                                    <div class=\"b-link-stroke b-animate-go\">\r\n                                        <img src=\"http:\/\/b3concept.fr\/wp-content\/uploads\/2022\/01\/IMG_5905-500x500.jpg\" class=\"gall-img-responsive\"\r\n                                             alt=\"IMG_5905\">\r\n                                    <\/div>\r\n                                <\/a>\r\n\r\n                                <!--Gallery Label-->\r\n\t\t\t\t\t\t\t\t                            <\/div>\r\n                        <\/div>\r\n\t\t\t\t\t\t\t\t\t\t\t\t<div class=\"col-md-6 col-sm-6 wl-gallery\" data-src=\"http:\/\/b3concept.fr\/wp-content\/uploads\/2022\/01\/IMG_5842-500x500.jpg\" >\r\n\r\n                            <div class=\"img-box-shadow\">\r\n\r\n\t\t\t\t\t\t\t\t                                <a title=\"\" class=\"swipebox_2006\"\r\n                                   href=\"http:\/\/b3concept.fr\/wp-content\/uploads\/2022\/01\/IMG_5842.jpg\">\r\n                                    <div class=\"b-link-stroke b-animate-go\">\r\n                                        <img src=\"http:\/\/b3concept.fr\/wp-content\/uploads\/2022\/01\/IMG_5842-500x500.jpg\" class=\"gall-img-responsive\"\r\n                                             alt=\"IMG_5842\">\r\n                                    <\/div>\r\n                                <\/a>\r\n\r\n                                <!--Gallery Label-->\r\n\t\t\t\t\t\t\t\t                            <\/div>\r\n                        <\/div>\r\n\t\t\t\t\t\t\t\t\t\t\t\t<div class=\"col-md-6 col-sm-6 wl-gallery\" data-src=\"http:\/\/b3concept.fr\/wp-content\/uploads\/2022\/01\/IMG_5835-500x500.jpg\" >\r\n\r\n                            <div class=\"img-box-shadow\">\r\n\r\n\t\t\t\t\t\t\t\t                                <a title=\"\" class=\"swipebox_2006\"\r\n                                   href=\"http:\/\/b3concept.fr\/wp-content\/uploads\/2022\/01\/IMG_5835.jpg\">\r\n                                    <div class=\"b-link-stroke b-animate-go\">\r\n                                        <img src=\"http:\/\/b3concept.fr\/wp-content\/uploads\/2022\/01\/IMG_5835-500x500.jpg\" class=\"gall-img-responsive\"\r\n                                             alt=\"IMG_5835\">\r\n                                    <\/div>\r\n                                <\/a>\r\n\r\n                                <!--Gallery Label-->\r\n\t\t\t\t\t\t\t\t                            <\/div>\r\n                        <\/div>\r\n\t\t\t\t\t\t\t\t\t\t\t\t<div class=\"col-md-6 col-sm-6 wl-gallery\" data-src=\"http:\/\/b3concept.fr\/wp-content\/uploads\/2022\/01\/IMG_5810-2-500x500.jpg\" >\r\n\r\n                            <div class=\"img-box-shadow\">\r\n\r\n\t\t\t\t\t\t\t\t                                <a title=\"\" class=\"swipebox_2006\"\r\n                                   href=\"http:\/\/b3concept.fr\/wp-content\/uploads\/2022\/01\/IMG_5810-2.jpg\">\r\n                                    <div class=\"b-link-stroke b-animate-go\">\r\n                                        <img src=\"http:\/\/b3concept.fr\/wp-content\/uploads\/2022\/01\/IMG_5810-2-500x500.jpg\" class=\"gall-img-responsive\"\r\n                                             alt=\"IMG_5810-2\">\r\n                                    <\/div>\r\n                                <\/a>\r\n\r\n                                <!--Gallery Label-->\r\n\t\t\t\t\t\t\t\t                            <\/div>\r\n                        <\/div>\r\n\t\t\t\t\t\t            <\/div>\r\n\t\t    <\/div>\r\n\r\n    <!-- Swipe Box-->\r\n    \n<p>\u00a0<\/p>\n<p>\u00a0<\/p>\n<p>\u00a0<\/p>\n<p>\u00a0<\/p>\n\n\n<figure class=\"wp-block-gallery columns-1 is-cropped\"><ul class=\"blocks-gallery-grid\"><li class=\"blocks-gallery-item\"><figure><img loading=\"lazy\" width=\"733\" height=\"1024\" src=\"http:\/\/b3concept.fr\/wp-content\/uploads\/2022\/01\/Capture-decran-2022-01-15-a-15.25.50-1-733x1024.png\" alt=\"\" data-id=\"2021\" data-full-url=\"http:\/\/b3concept.fr\/wp-content\/uploads\/2022\/01\/Capture-decran-2022-01-15-a-15.25.50-1.png\" data-link=\"http:\/\/b3concept.fr\/index.php\/mandelieu-la-napoule-termes-t4-villa-680-000-e\/capture-decran-2022-01-15-a-15-25-50-1\/\" class=\"wp-image-2021\" srcset=\"https:\/\/b3concept.fr\/wp-content\/uploads\/2022\/01\/Capture-decran-2022-01-15-a-15.25.50-1-733x1024.png 733w, https:\/\/b3concept.fr\/wp-content\/uploads\/2022\/01\/Capture-decran-2022-01-15-a-15.25.50-1-215x300.png 215w, https:\/\/b3concept.fr\/wp-content\/uploads\/2022\/01\/Capture-decran-2022-01-15-a-15.25.50-1-768x1072.png 768w, https:\/\/b3concept.fr\/wp-content\/uploads\/2022\/01\/Capture-decran-2022-01-15-a-15.25.50-1-1100x1536.png 1100w, https:\/\/b3concept.fr\/wp-content\/uploads\/2022\/01\/Capture-decran-2022-01-15-a-15.25.50-1.png 1242w\" sizes=\"(max-width: 733px) 100vw, 733px\" \/><\/figure><\/li><\/ul><figcaption class=\"blocks-gallery-caption\">Fiche du bien<\/figcaption><\/figure>\n","protected":false},"excerpt":{"rendered":"<p>Villa proven\u00e7ale avec vue mer et collines de l\u2019Est\u00e9rel nich\u00e9e dans son \u00e9crin de verdure. Situ\u00e9e dans les hauteurs de Mandelieu, sur un terrain piscinable de 739 m\u00b2 environ, elle se d\u00e9marque par son cot\u00e9 atypique et authentique. Conviendra parfaitement pour les amoureux des pierres apparentes, elle est \u00e9difi\u00e9e sur deux niveaux pour une surface &hellip; <\/p>\n<p class=\"link-more\"><a href=\"https:\/\/b3concept.fr\/?p=2006\" class=\"more-link\">Continuer la lecture<span class=\"screen-reader-text\"> de &laquo;&nbsp;Galerie photos Villa Mandelieu Termes&nbsp;&raquo;<\/span><\/a><\/p>\n","protected":false},"author":1,"featured_media":0,"parent":0,"menu_order":0,"comment_status":"closed","ping_status":"closed","template":"","meta":[],"_links":{"self":[{"href":"https:\/\/b3concept.fr\/index.php\/wp-json\/wp\/v2\/pages\/1979"}],"collection":[{"href":"https:\/\/b3concept.fr\/index.php\/wp-json\/wp\/v2\/pages"}],"about":[{"href":"https:\/\/b3concept.fr\/index.php\/wp-json\/wp\/v2\/types\/page"}],"author":[{"embeddable":true,"href":"https:\/\/b3concept.fr\/index.php\/wp-json\/wp\/v2\/users\/1"}],"replies":[{"embeddable":true,"href":"https:\/\/b3concept.fr\/index.php\/wp-json\/wp\/v2\/comments?post=1979"}],"version-history":[{"count":7,"href":"https:\/\/b3concept.fr\/index.php\/wp-json\/wp\/v2\/pages\/1979\/revisions"}],"predecessor-version":[{"id":2023,"href":"https:\/\/b3concept.fr\/index.php\/wp-json\/wp\/v2\/pages\/1979\/revisions\/2023"}],"wp:attachment":[{"href":"https:\/\/b3concept.fr\/index.php\/wp-json\/wp\/v2\/media?parent=1979"}],"curies":[{"name":"wp","href":"https:\/\/api.w.org\/{rel}","templated":true}]}}