{"id":1918,"date":"2020-03-03T10:46:08","date_gmt":"2020-03-03T09:46:08","guid":{"rendered":"http:\/\/b3concept.fr\/?page_id=1918"},"modified":"2022-01-15T14:07:06","modified_gmt":"2022-01-15T13:07:06","slug":"golfe-juan-super-cannes-t1-275000-e-vue-mer-piscine-debordement-parc-paradou","status":"publish","type":"page","link":"https:\/\/b3concept.fr\/index.php\/golfe-juan-super-cannes-t1-275000-e-vue-mer-piscine-debordement-parc-paradou\/","title":{"rendered":"Golfe-Juan &#8211; Super Cannes &#8211; T1 &#8211; 275000 \u20ac"},"content":{"rendered":"<p><img loading=\"lazy\" class=\"alignnone wp-image-1963 size-full\" src=\"http:\/\/b3concept.fr\/wp-content\/uploads\/2020\/03\/IMG_5756-2.jpg\" alt=\"\" width=\"6786\" height=\"3896\" srcset=\"https:\/\/b3concept.fr\/wp-content\/uploads\/2020\/03\/IMG_5756-2.jpg 6786w, https:\/\/b3concept.fr\/wp-content\/uploads\/2020\/03\/IMG_5756-2-300x172.jpg 300w, https:\/\/b3concept.fr\/wp-content\/uploads\/2020\/03\/IMG_5756-2-768x441.jpg 768w, https:\/\/b3concept.fr\/wp-content\/uploads\/2020\/03\/IMG_5756-2-1024x588.jpg 1024w\" sizes=\"(max-width: 706px) 89vw, (max-width: 767px) 82vw, 740px\" \/><\/p>\n<hr \/>\n<p>EXCLUSIVIT\u00c9<\/p>\n<p style=\"text-align: justify;\">Dans le Quartier du SUPER CANNES, venez \u00e0 la rencontre d\u2019un bien d\u2019exception, nich\u00e9 dans l\u2019une des r\u00e9sidences les plus convoit\u00e9es, au c\u0153ur d\u2019un parc de plus de 13 hectares, dot\u00e9e d\u2019arbres d\u2019essences rares et profitant d\u2019am\u00e9nagements tels que 2 terrains de Tennis, une piscine chauff\u00e9e et surtout une splendide piscine \u00e0 d\u00e9bordement construite sur le point le plus haut de la r\u00e9sidence pour profiter d\u2019un panorama d\u2019exception surplombant la mer et offrant une vue \u00e0 180\u00b0 allant du Cap-d\u2019Antibes aux Iles de L\u00e9rins.<\/p>\n<p style=\"text-align: justify;\">Un havre de paix \u00e0 moins d\u20191 km500 des premi\u00e8res plages et \u00e0 2 km des premiers commerces Cannois.<\/p>\n<p style=\"text-align: justify;\">R\u00e9sidence s\u00e9curis\u00e9e, digicode, visiophone, gardien, personnel de s\u00e9curit\u00e9 pr\u00e9sent chaque jour 365\/365, nombreuses cam\u00e9ras pour assurer la s\u00e9curit\u00e9 des r\u00e9sidents au sein de cette r\u00e9sidence de haut standing.<\/p>\n<p style=\"text-align: justify;\">Appartement type F1 de 40 m\u00b2 et se composant d\u2019une entr\u00e9e distribuant un vaste s\u00e9jour salle \u00e0 manger et cuisine US de 27 m\u00b2 prolong\u00e9 d\u2019une terrasse Sud de 15 m\u00b2, 2 placards.<\/p>\n<p style=\"text-align: justify;\">Vue mer exceptionnelle<\/p>\n<p style=\"text-align: justify;\">Une belle cave saine et un emplacement de parking priv\u00e9 viennent compl\u00e9ter cet ensemble.<\/p>\n<p style=\"text-align: justify;\">L\u2019appartement est \u00e9quip\u00e9 d\u2019une climatisation r\u00e9versible.<\/p>\n<p style=\"text-align: justify;\">Possibilit\u00e9 de transformer cet appartement en 2 pi\u00e8ces.<\/p>\n<p style=\"text-align: justify;\">Le charme a son adresse, venez-vous y rendre.<\/p>\n<p style=\"text-align: justify;\">Votre conseiller joignable 7\/7.<\/p>\n<hr \/>\n\t\r\n    <div class=\"gal-container\" id=\"slgf_1942\">\r\n\t\t            <!--get the post id-->\r\n\t\t\t\r\n            <!--Gallery Title-->\r\n\t\t\t                <div class=\"slg_title_class\">\r\n\t\t\t\t\tGalerie photos Super Cannes T1                <\/div>\r\n\t\t\t\r\n            <div class=\"gallery1 lightgallery_1942\">\r\n\t\t\t\t\t\t\t\t\t\t<div class=\"col-md-6 col-sm-6 wl-gallery\" data-src=\"http:\/\/b3concept.fr\/wp-content\/uploads\/2020\/03\/231-copie-500x500.jpg\" >\r\n\r\n                            <div class=\"img-box-shadow\">\r\n\r\n\t\t\t\t\t\t\t\t                                <a title=\"\" class=\"swipebox_1942\"\r\n                                   href=\"http:\/\/b3concept.fr\/wp-content\/uploads\/2020\/03\/231-copie.jpg\">\r\n                                    <div class=\"b-link-stroke b-animate-go\">\r\n                                        <img src=\"http:\/\/b3concept.fr\/wp-content\/uploads\/2020\/03\/231-copie-500x500.jpg\" class=\"gall-img-responsive\"\r\n                                             alt=\"231 copie\">\r\n                                    <\/div>\r\n                                <\/a>\r\n\r\n                                <!--Gallery Label-->\r\n\t\t\t\t\t\t\t\t                            <\/div>\r\n                        <\/div>\r\n\t\t\t\t\t\t\t\t\t\t\t\t<div class=\"col-md-6 col-sm-6 wl-gallery\" data-src=\"http:\/\/b3concept.fr\/wp-content\/uploads\/2020\/03\/J4B8518-2-copie-3-500x500.jpg\" >\r\n\r\n                            <div class=\"img-box-shadow\">\r\n\r\n\t\t\t\t\t\t\t\t                                <a title=\"\" class=\"swipebox_1942\"\r\n                                   href=\"http:\/\/b3concept.fr\/wp-content\/uploads\/2020\/03\/J4B8518-2-copie-3.jpg\">\r\n                                    <div class=\"b-link-stroke b-animate-go\">\r\n                                        <img src=\"http:\/\/b3concept.fr\/wp-content\/uploads\/2020\/03\/J4B8518-2-copie-3-500x500.jpg\" class=\"gall-img-responsive\"\r\n                                             alt=\"_J4B8518-2 copie 3\">\r\n                                    <\/div>\r\n                                <\/a>\r\n\r\n                                <!--Gallery Label-->\r\n\t\t\t\t\t\t\t\t                            <\/div>\r\n                        <\/div>\r\n\t\t\t\t\t\t\t\t\t\t\t\t<div class=\"col-md-6 col-sm-6 wl-gallery\" data-src=\"http:\/\/b3concept.fr\/wp-content\/uploads\/2020\/03\/IMG_8924-copie-1-e1583231802118-500x500.jpg\" >\r\n\r\n                            <div class=\"img-box-shadow\">\r\n\r\n\t\t\t\t\t\t\t\t                                <a title=\"\" class=\"swipebox_1942\"\r\n                                   href=\"http:\/\/b3concept.fr\/wp-content\/uploads\/2020\/03\/IMG_8924-copie-1-e1583231802118.jpg\">\r\n                                    <div class=\"b-link-stroke b-animate-go\">\r\n                                        <img src=\"http:\/\/b3concept.fr\/wp-content\/uploads\/2020\/03\/IMG_8924-copie-1-e1583231802118-500x500.jpg\" class=\"gall-img-responsive\"\r\n                                             alt=\"_J4B8518-2 copie 3\">\r\n                                    <\/div>\r\n                                <\/a>\r\n\r\n                                <!--Gallery Label-->\r\n\t\t\t\t\t\t\t\t                            <\/div>\r\n                        <\/div>\r\n\t\t\t\t\t\t\t\t\t\t\t\t<div class=\"col-md-6 col-sm-6 wl-gallery\" data-src=\"http:\/\/b3concept.fr\/wp-content\/uploads\/2020\/03\/NJ4B2844-copie-500x500.jpg\" >\r\n\r\n                            <div class=\"img-box-shadow\">\r\n\r\n\t\t\t\t\t\t\t\t                                <a title=\"\" class=\"swipebox_1942\"\r\n                                   href=\"http:\/\/b3concept.fr\/wp-content\/uploads\/2020\/03\/NJ4B2844-copie.jpg\">\r\n                                    <div class=\"b-link-stroke b-animate-go\">\r\n                                        <img src=\"http:\/\/b3concept.fr\/wp-content\/uploads\/2020\/03\/NJ4B2844-copie-500x500.jpg\" class=\"gall-img-responsive\"\r\n                                             alt=\"NJ4B2844 copie\">\r\n                                    <\/div>\r\n                                <\/a>\r\n\r\n                                <!--Gallery Label-->\r\n\t\t\t\t\t\t\t\t                            <\/div>\r\n                        <\/div>\r\n\t\t\t\t\t\t\t\t\t\t\t\t<div class=\"col-md-6 col-sm-6 wl-gallery\" data-src=\"http:\/\/b3concept.fr\/wp-content\/uploads\/2020\/03\/IMG_2028-500x500.jpg\" >\r\n\r\n                            <div class=\"img-box-shadow\">\r\n\r\n\t\t\t\t\t\t\t\t                                <a title=\"\" class=\"swipebox_1942\"\r\n                                   href=\"http:\/\/b3concept.fr\/wp-content\/uploads\/2020\/03\/IMG_2028.jpg\">\r\n                                    <div class=\"b-link-stroke b-animate-go\">\r\n                                        <img src=\"http:\/\/b3concept.fr\/wp-content\/uploads\/2020\/03\/IMG_2028-500x500.jpg\" class=\"gall-img-responsive\"\r\n                                             alt=\"IMG_2028\">\r\n                                    <\/div>\r\n                                <\/a>\r\n\r\n                                <!--Gallery Label-->\r\n\t\t\t\t\t\t\t\t                            <\/div>\r\n                        <\/div>\r\n\t\t\t\t\t\t\t\t\t\t\t\t<div class=\"col-md-6 col-sm-6 wl-gallery\" data-src=\"http:\/\/b3concept.fr\/wp-content\/uploads\/2020\/03\/J4B8935-500x500.jpg\" >\r\n\r\n                            <div class=\"img-box-shadow\">\r\n\r\n\t\t\t\t\t\t\t\t                                <a title=\"\" class=\"swipebox_1942\"\r\n                                   href=\"http:\/\/b3concept.fr\/wp-content\/uploads\/2020\/03\/J4B8935.jpg\">\r\n                                    <div class=\"b-link-stroke b-animate-go\">\r\n                                        <img src=\"http:\/\/b3concept.fr\/wp-content\/uploads\/2020\/03\/J4B8935-500x500.jpg\" class=\"gall-img-responsive\"\r\n                                             alt=\"_J4B8935\">\r\n                                    <\/div>\r\n                                <\/a>\r\n\r\n                                <!--Gallery Label-->\r\n\t\t\t\t\t\t\t\t                            <\/div>\r\n                        <\/div>\r\n\t\t\t\t\t\t\t\t\t\t\t\t<div class=\"col-md-6 col-sm-6 wl-gallery\" data-src=\"http:\/\/b3concept.fr\/wp-content\/uploads\/2020\/03\/J4B8917-1-500x500.jpg\" >\r\n\r\n                            <div class=\"img-box-shadow\">\r\n\r\n\t\t\t\t\t\t\t\t                                <a title=\"\" class=\"swipebox_1942\"\r\n                                   href=\"http:\/\/b3concept.fr\/wp-content\/uploads\/2020\/03\/J4B8917-1.jpg\">\r\n                                    <div class=\"b-link-stroke b-animate-go\">\r\n                                        <img src=\"http:\/\/b3concept.fr\/wp-content\/uploads\/2020\/03\/J4B8917-1-500x500.jpg\" class=\"gall-img-responsive\"\r\n                                             alt=\"_J4B8917\">\r\n                                    <\/div>\r\n                                <\/a>\r\n\r\n                                <!--Gallery Label-->\r\n\t\t\t\t\t\t\t\t                            <\/div>\r\n                        <\/div>\r\n\t\t\t\t\t\t\t\t\t\t\t\t<div class=\"col-md-6 col-sm-6 wl-gallery\" data-src=\"http:\/\/b3concept.fr\/wp-content\/uploads\/2020\/03\/J4B8887-500x500.jpg\" >\r\n\r\n                            <div class=\"img-box-shadow\">\r\n\r\n\t\t\t\t\t\t\t\t                                <a title=\"\" class=\"swipebox_1942\"\r\n                                   href=\"http:\/\/b3concept.fr\/wp-content\/uploads\/2020\/03\/J4B8887.jpg\">\r\n                                    <div class=\"b-link-stroke b-animate-go\">\r\n                                        <img src=\"http:\/\/b3concept.fr\/wp-content\/uploads\/2020\/03\/J4B8887-500x500.jpg\" class=\"gall-img-responsive\"\r\n                                             alt=\"_J4B8887\">\r\n                                    <\/div>\r\n                                <\/a>\r\n\r\n                                <!--Gallery Label-->\r\n\t\t\t\t\t\t\t\t                            <\/div>\r\n                        <\/div>\r\n\t\t\t\t\t\t\t\t\t\t\t\t<div class=\"col-md-6 col-sm-6 wl-gallery\" data-src=\"http:\/\/b3concept.fr\/wp-content\/uploads\/2020\/03\/J4B8885-500x500.jpg\" >\r\n\r\n                            <div class=\"img-box-shadow\">\r\n\r\n\t\t\t\t\t\t\t\t                                <a title=\"\" class=\"swipebox_1942\"\r\n                                   href=\"http:\/\/b3concept.fr\/wp-content\/uploads\/2020\/03\/J4B8885.jpg\">\r\n                                    <div class=\"b-link-stroke b-animate-go\">\r\n                                        <img src=\"http:\/\/b3concept.fr\/wp-content\/uploads\/2020\/03\/J4B8885-500x500.jpg\" class=\"gall-img-responsive\"\r\n                                             alt=\"_J4B8885\">\r\n                                    <\/div>\r\n                                <\/a>\r\n\r\n                                <!--Gallery Label-->\r\n\t\t\t\t\t\t\t\t                            <\/div>\r\n                        <\/div>\r\n\t\t\t\t\t\t\t\t\t\t\t\t<div class=\"col-md-6 col-sm-6 wl-gallery\" data-src=\"http:\/\/b3concept.fr\/wp-content\/uploads\/2020\/03\/IMG_5742-2-500x500.jpg\" >\r\n\r\n                            <div class=\"img-box-shadow\">\r\n\r\n\t\t\t\t\t\t\t\t                                <a title=\"\" class=\"swipebox_1942\"\r\n                                   href=\"http:\/\/b3concept.fr\/wp-content\/uploads\/2020\/03\/IMG_5742-2.jpg\">\r\n                                    <div class=\"b-link-stroke b-animate-go\">\r\n                                        <img src=\"http:\/\/b3concept.fr\/wp-content\/uploads\/2020\/03\/IMG_5742-2-500x500.jpg\" class=\"gall-img-responsive\"\r\n                                             alt=\"IMG_5742-2\">\r\n                                    <\/div>\r\n                                <\/a>\r\n\r\n                                <!--Gallery Label-->\r\n\t\t\t\t\t\t\t\t                            <\/div>\r\n                        <\/div>\r\n\t\t\t\t\t\t\t\t\t\t\t\t<div class=\"col-md-6 col-sm-6 wl-gallery\" data-src=\"http:\/\/b3concept.fr\/wp-content\/uploads\/2020\/03\/NJ4B8926-500x500.jpg\" >\r\n\r\n                            <div class=\"img-box-shadow\">\r\n\r\n\t\t\t\t\t\t\t\t                                <a title=\"\" class=\"swipebox_1942\"\r\n                                   href=\"http:\/\/b3concept.fr\/wp-content\/uploads\/2020\/03\/NJ4B8926.jpg\">\r\n                                    <div class=\"b-link-stroke b-animate-go\">\r\n                                        <img src=\"http:\/\/b3concept.fr\/wp-content\/uploads\/2020\/03\/NJ4B8926-500x500.jpg\" class=\"gall-img-responsive\"\r\n                                             alt=\"NJ4B8926\">\r\n                                    <\/div>\r\n                                <\/a>\r\n\r\n                                <!--Gallery Label-->\r\n\t\t\t\t\t\t\t\t                            <\/div>\r\n                        <\/div>\r\n\t\t\t\t\t\t\t\t\t\t\t\t<div class=\"col-md-6 col-sm-6 wl-gallery\" data-src=\"http:\/\/b3concept.fr\/wp-content\/uploads\/2020\/03\/NJ4B8898-500x500.jpg\" >\r\n\r\n                            <div class=\"img-box-shadow\">\r\n\r\n\t\t\t\t\t\t\t\t                                <a title=\"\" class=\"swipebox_1942\"\r\n                                   href=\"http:\/\/b3concept.fr\/wp-content\/uploads\/2020\/03\/NJ4B8898.jpg\">\r\n                                    <div class=\"b-link-stroke b-animate-go\">\r\n                                        <img src=\"http:\/\/b3concept.fr\/wp-content\/uploads\/2020\/03\/NJ4B8898-500x500.jpg\" class=\"gall-img-responsive\"\r\n                                             alt=\"NJ4B8898\">\r\n                                    <\/div>\r\n                                <\/a>\r\n\r\n                                <!--Gallery Label-->\r\n\t\t\t\t\t\t\t\t                            <\/div>\r\n                        <\/div>\r\n\t\t\t\t\t\t\t\t\t\t\t\t<div class=\"col-md-6 col-sm-6 wl-gallery\" data-src=\"http:\/\/b3concept.fr\/wp-content\/uploads\/2020\/03\/NJ4B8899-500x500.jpg\" >\r\n\r\n                            <div class=\"img-box-shadow\">\r\n\r\n\t\t\t\t\t\t\t\t                                <a title=\"\" class=\"swipebox_1942\"\r\n                                   href=\"http:\/\/b3concept.fr\/wp-content\/uploads\/2020\/03\/NJ4B8899.jpg\">\r\n                                    <div class=\"b-link-stroke b-animate-go\">\r\n                                        <img src=\"http:\/\/b3concept.fr\/wp-content\/uploads\/2020\/03\/NJ4B8899-500x500.jpg\" class=\"gall-img-responsive\"\r\n                                             alt=\"NJ4B8899\">\r\n                                    <\/div>\r\n                                <\/a>\r\n\r\n                                <!--Gallery Label-->\r\n\t\t\t\t\t\t\t\t                            <\/div>\r\n                        <\/div>\r\n\t\t\t\t\t\t\t\t\t\t\t\t<div class=\"col-md-6 col-sm-6 wl-gallery\" data-src=\"http:\/\/b3concept.fr\/wp-content\/uploads\/2020\/03\/Tennis-copie-500x500.jpg\" >\r\n\r\n                            <div class=\"img-box-shadow\">\r\n\r\n\t\t\t\t\t\t\t\t                                <a title=\"\" class=\"swipebox_1942\"\r\n                                   href=\"http:\/\/b3concept.fr\/wp-content\/uploads\/2020\/03\/Tennis-copie.jpg\">\r\n                                    <div class=\"b-link-stroke b-animate-go\">\r\n                                        <img src=\"http:\/\/b3concept.fr\/wp-content\/uploads\/2020\/03\/Tennis-copie-500x500.jpg\" class=\"gall-img-responsive\"\r\n                                             alt=\"Tennis copie\">\r\n                                    <\/div>\r\n                                <\/a>\r\n\r\n                                <!--Gallery Label-->\r\n\t\t\t\t\t\t\t\t                            <\/div>\r\n                        <\/div>\r\n\t\t\t\t\t\t\t\t\t\t\t\t<div class=\"col-md-6 col-sm-6 wl-gallery\" data-src=\"http:\/\/b3concept.fr\/wp-content\/uploads\/2020\/01\/IMG_8926-copie-500x500.jpg\" >\r\n\r\n                            <div class=\"img-box-shadow\">\r\n\r\n\t\t\t\t\t\t\t\t                                <a title=\"\" class=\"swipebox_1942\"\r\n                                   href=\"http:\/\/b3concept.fr\/wp-content\/uploads\/2020\/01\/IMG_8926-copie.jpg\">\r\n                                    <div class=\"b-link-stroke b-animate-go\">\r\n                                        <img src=\"http:\/\/b3concept.fr\/wp-content\/uploads\/2020\/01\/IMG_8926-copie-500x500.jpg\" class=\"gall-img-responsive\"\r\n                                             alt=\"IMG_8926 copie\">\r\n                                    <\/div>\r\n                                <\/a>\r\n\r\n                                <!--Gallery Label-->\r\n\t\t\t\t\t\t\t\t                            <\/div>\r\n                        <\/div>\r\n\t\t\t\t\t\t\t\t\t\t\t\t<div class=\"col-md-6 col-sm-6 wl-gallery\" data-src=\"http:\/\/b3concept.fr\/wp-content\/uploads\/2020\/03\/Plan-Niveau-2-B\u00e2t-B-Cannes-Eden-2-500x500.jpg\" >\r\n\r\n                            <div class=\"img-box-shadow\">\r\n\r\n\t\t\t\t\t\t\t\t                                <a title=\"\" class=\"swipebox_1942\"\r\n                                   href=\"http:\/\/b3concept.fr\/wp-content\/uploads\/2020\/03\/Plan-Niveau-2-B\u00e2t-B-Cannes-Eden-2.jpg\">\r\n                                    <div class=\"b-link-stroke b-animate-go\">\r\n                                        <img src=\"http:\/\/b3concept.fr\/wp-content\/uploads\/2020\/03\/Plan-Niveau-2-B\u00e2t-B-Cannes-Eden-2-500x500.jpg\" class=\"gall-img-responsive\"\r\n                                             alt=\"Plan Niveau -2 B\u00e2t B Cannes Eden-2\">\r\n                                    <\/div>\r\n                                <\/a>\r\n\r\n                                <!--Gallery Label-->\r\n\t\t\t\t\t\t\t\t                            <\/div>\r\n                        <\/div>\r\n\t\t\t\t\t\t\t\t\t\t\t\t<div class=\"col-md-6 col-sm-6 wl-gallery\" data-src=\"http:\/\/b3concept.fr\/wp-content\/uploads\/2020\/03\/IMG_5756-2-500x500.jpg\" >\r\n\r\n                            <div class=\"img-box-shadow\">\r\n\r\n\t\t\t\t\t\t\t\t                                <a title=\"\" class=\"swipebox_1942\"\r\n                                   href=\"http:\/\/b3concept.fr\/wp-content\/uploads\/2020\/03\/IMG_5756-2.jpg\">\r\n                                    <div class=\"b-link-stroke b-animate-go\">\r\n                                        <img src=\"http:\/\/b3concept.fr\/wp-content\/uploads\/2020\/03\/IMG_5756-2-500x500.jpg\" class=\"gall-img-responsive\"\r\n                                             alt=\"IMG_5756-2\">\r\n                                    <\/div>\r\n                                <\/a>\r\n\r\n                                <!--Gallery Label-->\r\n\t\t\t\t\t\t\t\t                            <\/div>\r\n                        <\/div>\r\n\t\t\t\t\t\t            <\/div>\r\n\t\t    <\/div>\r\n\r\n    <!-- Swipe Box-->\r\n    \n<div id='gallery-1' class='gallery galleryid-1942 gallery-columns-1 gallery-size-large'><figure class='gallery-item'>\n\t\t\t<div class='gallery-icon portrait'>\n\t\t\t\t<a href='https:\/\/b3concept.fr\/wp-content\/uploads\/2020\/03\/Capture-d\u2019\u00e9cran-2020-03-03-\u00e0-11.52.47.png'><img width=\"525\" height=\"689\" src=\"https:\/\/b3concept.fr\/wp-content\/uploads\/2020\/03\/Capture-d\u2019\u00e9cran-2020-03-03-\u00e0-11.52.47-780x1024.png\" class=\"attachment-large size-large\" alt=\"\" loading=\"lazy\" aria-describedby=\"gallery-1-1946\" srcset=\"https:\/\/b3concept.fr\/wp-content\/uploads\/2020\/03\/Capture-d\u2019\u00e9cran-2020-03-03-\u00e0-11.52.47-780x1024.png 780w, https:\/\/b3concept.fr\/wp-content\/uploads\/2020\/03\/Capture-d\u2019\u00e9cran-2020-03-03-\u00e0-11.52.47-229x300.png 229w, https:\/\/b3concept.fr\/wp-content\/uploads\/2020\/03\/Capture-d\u2019\u00e9cran-2020-03-03-\u00e0-11.52.47-768x1008.png 768w, https:\/\/b3concept.fr\/wp-content\/uploads\/2020\/03\/Capture-d\u2019\u00e9cran-2020-03-03-\u00e0-11.52.47.png 1242w\" sizes=\"100vw\" \/><\/a>\n\t\t\t<\/div>\n\t\t\t\t<figcaption class='wp-caption-text gallery-caption' id='gallery-1-1946'>\n\t\t\t\tFiche du bien PDF\n\t\t\t\t<\/figcaption><\/figure>\n\t\t<\/div>\n\n<p>&nbsp;<\/p>\n","protected":false},"excerpt":{"rendered":"<p>EXCLUSIVIT\u00c9 Dans le Quartier du SUPER CANNES, venez \u00e0 la rencontre d\u2019un bien d\u2019exception, nich\u00e9 dans l\u2019une des r\u00e9sidences les plus convoit\u00e9es, au c\u0153ur d\u2019un parc de plus de 13 hectares, dot\u00e9e d\u2019arbres d\u2019essences rares et profitant d\u2019am\u00e9nagements tels que 2 terrains de Tennis, une piscine chauff\u00e9e et surtout une splendide piscine \u00e0 d\u00e9bordement construite &hellip; <\/p>\n<p class=\"link-more\"><a href=\"https:\/\/b3concept.fr\/?p=1942\" class=\"more-link\">Continuer la lecture<span class=\"screen-reader-text\"> de &laquo;&nbsp;Galerie photos Super Cannes T1&nbsp;&raquo;<\/span><\/a><\/p>\n","protected":false},"author":1,"featured_media":0,"parent":0,"menu_order":0,"comment_status":"closed","ping_status":"closed","template":"","meta":[],"_links":{"self":[{"href":"https:\/\/b3concept.fr\/index.php\/wp-json\/wp\/v2\/pages\/1918"}],"collection":[{"href":"https:\/\/b3concept.fr\/index.php\/wp-json\/wp\/v2\/pages"}],"about":[{"href":"https:\/\/b3concept.fr\/index.php\/wp-json\/wp\/v2\/types\/page"}],"author":[{"embeddable":true,"href":"https:\/\/b3concept.fr\/index.php\/wp-json\/wp\/v2\/users\/1"}],"replies":[{"embeddable":true,"href":"https:\/\/b3concept.fr\/index.php\/wp-json\/wp\/v2\/comments?post=1918"}],"version-history":[{"count":6,"href":"https:\/\/b3concept.fr\/index.php\/wp-json\/wp\/v2\/pages\/1918\/revisions"}],"predecessor-version":[{"id":1964,"href":"https:\/\/b3concept.fr\/index.php\/wp-json\/wp\/v2\/pages\/1918\/revisions\/1964"}],"wp:attachment":[{"href":"https:\/\/b3concept.fr\/index.php\/wp-json\/wp\/v2\/media?parent=1918"}],"curies":[{"name":"wp","href":"https:\/\/api.w.org\/{rel}","templated":true}]}}