{"id":1769,"date":"2020-01-14T16:41:47","date_gmt":"2020-01-14T15:41:47","guid":{"rendered":"http:\/\/b3concept.fr\/?page_id=1769"},"modified":"2020-01-14T17:14:09","modified_gmt":"2020-01-14T16:14:09","slug":"cannes-basse-californie-t3-1733","status":"publish","type":"page","link":"https:\/\/b3concept.fr\/index.php\/cannes-basse-californie-t3-1733\/","title":{"rendered":"Cannes &#8211; Basse Californie &#8211; T3 &#8211; 540 000 \u20ac"},"content":{"rendered":"<p><img loading=\"lazy\" class=\"alignnone wp-image-1773 size-full\" src=\"http:\/\/b3concept.fr\/wp-content\/uploads\/2020\/01\/01.jpg\" alt=\"\" width=\"4928\" height=\"2639\" srcset=\"https:\/\/b3concept.fr\/wp-content\/uploads\/2020\/01\/01.jpg 4928w, https:\/\/b3concept.fr\/wp-content\/uploads\/2020\/01\/01-300x161.jpg 300w, https:\/\/b3concept.fr\/wp-content\/uploads\/2020\/01\/01-768x411.jpg 768w, https:\/\/b3concept.fr\/wp-content\/uploads\/2020\/01\/01-1024x548.jpg 1024w\" sizes=\"(max-width: 706px) 89vw, (max-width: 767px) 82vw, 740px\" \/><\/p>\n<hr \/>\n<p style=\"text-align: justify;\">Cannes Basse Californie, au sein de la r\u00e9sidence de standing disposant d\u2019un parc, d\u2019une piscine, d\u2019un gardien et \u00e0 proximit\u00e9 de toutes commodit\u00e9s, \u00e9coles et transport. Situation recherch\u00e9e par son calme et sa proximit\u00e9 banane et croisette \u00e0 500 m\u00e8tres. Au 3\u00e8me et avant dernier \u00e9tage d\u2019un immeuble des ann\u00e9es 60-70, appartement traversant type T3 de 61 m\u00b2 avec une terrasse SUD de 11 m\u00b2 et sa vue mer ainsi qu\u2019une terrasse NORD de 7 m\u00b2. Il se compose d\u2019une entr\u00e9e en \u00e9toile distribuant un vaste s\u00e9jour de 28 m\u00b2 avec cuisine US et terrasse SUD, une salle d\u2019eau avec WC, un palier distribuant l\u2019espace nuit qui se compose d\u2019une chambre avec son balcon et d\u2019une suite parentale avec dressing, salle d\u2019eau WC et chambre avec terrasse et sa vue d\u00e9gag\u00e9e sur les collines et au calme absolu. Climatisation neuve, l\u2019appartement a r\u00e9cemment \u00e9t\u00e9 r\u00e9nov\u00e9 avec go\u00fbt, il n\u2019y a donc aucun travaux \u00e0 pr\u00e9voir. Une cave et 2 places de parkings viennent compl\u00e9ter cet ensemble.<\/p>\n<p style=\"text-align: justify;\">Le charme a son adresse, venez vous y rendre.<br \/>\nVotre conseiller joignable 7\/7<\/p>\n<p style=\"text-align: justify;\">La pr\u00e9sente annonce immobili\u00e8re vise 4 lots principaux situ\u00e9s dans une copropri\u00e9t\u00e9 et d&rsquo;un montant de charges d&rsquo;environ 315 \u20ac par mois (soit 3.780 \u20ac\/an) d\u00e9clar\u00e9 par le vendeur. Le prix de vente est pr\u00e9sent\u00e9 \u00ab\u00a0Honoraires d&rsquo;Agence Inclus (HAI.)\u00a0\u00bb 540.000 euros.<br \/>\nHonoraires d&rsquo;agence \u00e0 la charge du vendeur.<br \/>\nAgence LC Immobilier.<br \/>\nAgent Commercial B3 Concept EIRL RCS 430 275 875 R.S.A.C ANTIBES<\/p>\n<hr \/>\n\t\r\n    <div class=\"gal-container\" id=\"slgf_1792\">\r\n\t\t            <!--get the post id-->\r\n\t\t\t\r\n            <!--Gallery Title-->\r\n\t\t\t                <div class=\"slg_title_class\">\r\n\t\t\t\t\tGalerie Photos Cannes Basse Californie                <\/div>\r\n\t\t\t\r\n            <div class=\"gallery1 lightgallery_1792\">\r\n\t\t\t\t\t\t\t\t\t\t<div class=\"col-md-6 col-sm-6 wl-gallery\" data-src=\"http:\/\/b3concept.fr\/wp-content\/uploads\/2020\/01\/02-500x500.jpg\" >\r\n\r\n                            <div class=\"img-box-shadow\">\r\n\r\n\t\t\t\t\t\t\t\t                                <a title=\"\" class=\"swipebox_1792\"\r\n                                   href=\"http:\/\/b3concept.fr\/wp-content\/uploads\/2020\/01\/02.jpg\">\r\n                                    <div class=\"b-link-stroke b-animate-go\">\r\n                                        <img src=\"http:\/\/b3concept.fr\/wp-content\/uploads\/2020\/01\/02-500x500.jpg\" class=\"gall-img-responsive\"\r\n                                             alt=\"02\">\r\n                                    <\/div>\r\n                                <\/a>\r\n\r\n                                <!--Gallery Label-->\r\n\t\t\t\t\t\t\t\t                            <\/div>\r\n                        <\/div>\r\n\t\t\t\t\t\t\t\t\t\t\t\t<div class=\"col-md-6 col-sm-6 wl-gallery\" data-src=\"http:\/\/b3concept.fr\/wp-content\/uploads\/2020\/01\/03-500x500.jpg\" >\r\n\r\n                            <div class=\"img-box-shadow\">\r\n\r\n\t\t\t\t\t\t\t\t                                <a title=\"\" class=\"swipebox_1792\"\r\n                                   href=\"http:\/\/b3concept.fr\/wp-content\/uploads\/2020\/01\/03.jpg\">\r\n                                    <div class=\"b-link-stroke b-animate-go\">\r\n                                        <img src=\"http:\/\/b3concept.fr\/wp-content\/uploads\/2020\/01\/03-500x500.jpg\" class=\"gall-img-responsive\"\r\n                                             alt=\"03\">\r\n                                    <\/div>\r\n                                <\/a>\r\n\r\n                                <!--Gallery Label-->\r\n\t\t\t\t\t\t\t\t                            <\/div>\r\n                        <\/div>\r\n\t\t\t\t\t\t\t\t\t\t\t\t<div class=\"col-md-6 col-sm-6 wl-gallery\" data-src=\"http:\/\/b3concept.fr\/wp-content\/uploads\/2020\/01\/SEJ4-500x500.jpg\" >\r\n\r\n                            <div class=\"img-box-shadow\">\r\n\r\n\t\t\t\t\t\t\t\t                                <a title=\"\" class=\"swipebox_1792\"\r\n                                   href=\"http:\/\/b3concept.fr\/wp-content\/uploads\/2020\/01\/SEJ4.jpg\">\r\n                                    <div class=\"b-link-stroke b-animate-go\">\r\n                                        <img src=\"http:\/\/b3concept.fr\/wp-content\/uploads\/2020\/01\/SEJ4-500x500.jpg\" class=\"gall-img-responsive\"\r\n                                             alt=\"SEJ4\">\r\n                                    <\/div>\r\n                                <\/a>\r\n\r\n                                <!--Gallery Label-->\r\n\t\t\t\t\t\t\t\t                            <\/div>\r\n                        <\/div>\r\n\t\t\t\t\t\t\t\t\t\t\t\t<div class=\"col-md-6 col-sm-6 wl-gallery\" data-src=\"http:\/\/b3concept.fr\/wp-content\/uploads\/2020\/01\/SEJ7-500x500.jpg\" >\r\n\r\n                            <div class=\"img-box-shadow\">\r\n\r\n\t\t\t\t\t\t\t\t                                <a title=\"\" class=\"swipebox_1792\"\r\n                                   href=\"http:\/\/b3concept.fr\/wp-content\/uploads\/2020\/01\/SEJ7.jpg\">\r\n                                    <div class=\"b-link-stroke b-animate-go\">\r\n                                        <img src=\"http:\/\/b3concept.fr\/wp-content\/uploads\/2020\/01\/SEJ7-500x500.jpg\" class=\"gall-img-responsive\"\r\n                                             alt=\"SEJ7\">\r\n                                    <\/div>\r\n                                <\/a>\r\n\r\n                                <!--Gallery Label-->\r\n\t\t\t\t\t\t\t\t                            <\/div>\r\n                        <\/div>\r\n\t\t\t\t\t\t\t\t\t\t\t\t<div class=\"col-md-6 col-sm-6 wl-gallery\" data-src=\"http:\/\/b3concept.fr\/wp-content\/uploads\/2020\/01\/CUIS3-500x500.jpg\" >\r\n\r\n                            <div class=\"img-box-shadow\">\r\n\r\n\t\t\t\t\t\t\t\t                                <a title=\"\" class=\"swipebox_1792\"\r\n                                   href=\"http:\/\/b3concept.fr\/wp-content\/uploads\/2020\/01\/CUIS3.jpg\">\r\n                                    <div class=\"b-link-stroke b-animate-go\">\r\n                                        <img src=\"http:\/\/b3concept.fr\/wp-content\/uploads\/2020\/01\/CUIS3-500x500.jpg\" class=\"gall-img-responsive\"\r\n                                             alt=\"CUIS3\">\r\n                                    <\/div>\r\n                                <\/a>\r\n\r\n                                <!--Gallery Label-->\r\n\t\t\t\t\t\t\t\t                            <\/div>\r\n                        <\/div>\r\n\t\t\t\t\t\t\t\t\t\t\t\t<div class=\"col-md-6 col-sm-6 wl-gallery\" data-src=\"http:\/\/b3concept.fr\/wp-content\/uploads\/2020\/01\/T5-500x500.jpg\" >\r\n\r\n                            <div class=\"img-box-shadow\">\r\n\r\n\t\t\t\t\t\t\t\t                                <a title=\"\" class=\"swipebox_1792\"\r\n                                   href=\"http:\/\/b3concept.fr\/wp-content\/uploads\/2020\/01\/T5.jpg\">\r\n                                    <div class=\"b-link-stroke b-animate-go\">\r\n                                        <img src=\"http:\/\/b3concept.fr\/wp-content\/uploads\/2020\/01\/T5-500x500.jpg\" class=\"gall-img-responsive\"\r\n                                             alt=\"T5\">\r\n                                    <\/div>\r\n                                <\/a>\r\n\r\n                                <!--Gallery Label-->\r\n\t\t\t\t\t\t\t\t                            <\/div>\r\n                        <\/div>\r\n\t\t\t\t\t\t\t\t\t\t\t\t<div class=\"col-md-6 col-sm-6 wl-gallery\" data-src=\"http:\/\/b3concept.fr\/wp-content\/uploads\/2020\/01\/04-500x500.jpg\" >\r\n\r\n                            <div class=\"img-box-shadow\">\r\n\r\n\t\t\t\t\t\t\t\t                                <a title=\"\" class=\"swipebox_1792\"\r\n                                   href=\"http:\/\/b3concept.fr\/wp-content\/uploads\/2020\/01\/04.jpg\">\r\n                                    <div class=\"b-link-stroke b-animate-go\">\r\n                                        <img src=\"http:\/\/b3concept.fr\/wp-content\/uploads\/2020\/01\/04-500x500.jpg\" class=\"gall-img-responsive\"\r\n                                             alt=\"04\">\r\n                                    <\/div>\r\n                                <\/a>\r\n\r\n                                <!--Gallery Label-->\r\n\t\t\t\t\t\t\t\t                            <\/div>\r\n                        <\/div>\r\n\t\t\t\t\t\t\t\t\t\t\t\t<div class=\"col-md-6 col-sm-6 wl-gallery\" data-src=\"http:\/\/b3concept.fr\/wp-content\/uploads\/2020\/01\/RES7-500x500.jpg\" >\r\n\r\n                            <div class=\"img-box-shadow\">\r\n\r\n\t\t\t\t\t\t\t\t                                <a title=\"\" class=\"swipebox_1792\"\r\n                                   href=\"http:\/\/b3concept.fr\/wp-content\/uploads\/2020\/01\/RES7.jpg\">\r\n                                    <div class=\"b-link-stroke b-animate-go\">\r\n                                        <img src=\"http:\/\/b3concept.fr\/wp-content\/uploads\/2020\/01\/RES7-500x500.jpg\" class=\"gall-img-responsive\"\r\n                                             alt=\"RES7\">\r\n                                    <\/div>\r\n                                <\/a>\r\n\r\n                                <!--Gallery Label-->\r\n\t\t\t\t\t\t\t\t                            <\/div>\r\n                        <\/div>\r\n\t\t\t\t\t\t\t\t\t\t\t\t<div class=\"col-md-6 col-sm-6 wl-gallery\" data-src=\"http:\/\/b3concept.fr\/wp-content\/uploads\/2020\/01\/ENT2-500x500.jpg\" >\r\n\r\n                            <div class=\"img-box-shadow\">\r\n\r\n\t\t\t\t\t\t\t\t                                <a title=\"\" class=\"swipebox_1792\"\r\n                                   href=\"http:\/\/b3concept.fr\/wp-content\/uploads\/2020\/01\/ENT2.jpg\">\r\n                                    <div class=\"b-link-stroke b-animate-go\">\r\n                                        <img src=\"http:\/\/b3concept.fr\/wp-content\/uploads\/2020\/01\/ENT2-500x500.jpg\" class=\"gall-img-responsive\"\r\n                                             alt=\"ENT2\">\r\n                                    <\/div>\r\n                                <\/a>\r\n\r\n                                <!--Gallery Label-->\r\n\t\t\t\t\t\t\t\t                            <\/div>\r\n                        <\/div>\r\n\t\t\t\t\t\t\t\t\t\t\t\t<div class=\"col-md-6 col-sm-6 wl-gallery\" data-src=\"http:\/\/b3concept.fr\/wp-content\/uploads\/2020\/01\/05-500x500.jpg\" >\r\n\r\n                            <div class=\"img-box-shadow\">\r\n\r\n\t\t\t\t\t\t\t\t                                <a title=\"\" class=\"swipebox_1792\"\r\n                                   href=\"http:\/\/b3concept.fr\/wp-content\/uploads\/2020\/01\/05.jpg\">\r\n                                    <div class=\"b-link-stroke b-animate-go\">\r\n                                        <img src=\"http:\/\/b3concept.fr\/wp-content\/uploads\/2020\/01\/05-500x500.jpg\" class=\"gall-img-responsive\"\r\n                                             alt=\"05\">\r\n                                    <\/div>\r\n                                <\/a>\r\n\r\n                                <!--Gallery Label-->\r\n\t\t\t\t\t\t\t\t                            <\/div>\r\n                        <\/div>\r\n\t\t\t\t\t\t\t\t\t\t\t\t<div class=\"col-md-6 col-sm-6 wl-gallery\" data-src=\"http:\/\/b3concept.fr\/wp-content\/uploads\/2020\/01\/SDE1-500x500.jpg\" >\r\n\r\n                            <div class=\"img-box-shadow\">\r\n\r\n\t\t\t\t\t\t\t\t                                <a title=\"\" class=\"swipebox_1792\"\r\n                                   href=\"http:\/\/b3concept.fr\/wp-content\/uploads\/2020\/01\/SDE1.jpg\">\r\n                                    <div class=\"b-link-stroke b-animate-go\">\r\n                                        <img src=\"http:\/\/b3concept.fr\/wp-content\/uploads\/2020\/01\/SDE1-500x500.jpg\" class=\"gall-img-responsive\"\r\n                                             alt=\"SDE1\">\r\n                                    <\/div>\r\n                                <\/a>\r\n\r\n                                <!--Gallery Label-->\r\n\t\t\t\t\t\t\t\t                            <\/div>\r\n                        <\/div>\r\n\t\t\t\t\t\t\t\t\t\t\t\t<div class=\"col-md-6 col-sm-6 wl-gallery\" data-src=\"http:\/\/b3concept.fr\/wp-content\/uploads\/2020\/01\/DRES1-500x500.jpg\" >\r\n\r\n                            <div class=\"img-box-shadow\">\r\n\r\n\t\t\t\t\t\t\t\t                                <a title=\"\" class=\"swipebox_1792\"\r\n                                   href=\"http:\/\/b3concept.fr\/wp-content\/uploads\/2020\/01\/DRES1.jpg\">\r\n                                    <div class=\"b-link-stroke b-animate-go\">\r\n                                        <img src=\"http:\/\/b3concept.fr\/wp-content\/uploads\/2020\/01\/DRES1-500x500.jpg\" class=\"gall-img-responsive\"\r\n                                             alt=\"DRES1\">\r\n                                    <\/div>\r\n                                <\/a>\r\n\r\n                                <!--Gallery Label-->\r\n\t\t\t\t\t\t\t\t                            <\/div>\r\n                        <\/div>\r\n\t\t\t\t\t\t\t\t\t\t\t\t<div class=\"col-md-6 col-sm-6 wl-gallery\" data-src=\"http:\/\/b3concept.fr\/wp-content\/uploads\/2020\/01\/CH2-500x500.jpg\" >\r\n\r\n                            <div class=\"img-box-shadow\">\r\n\r\n\t\t\t\t\t\t\t\t                                <a title=\"\" class=\"swipebox_1792\"\r\n                                   href=\"http:\/\/b3concept.fr\/wp-content\/uploads\/2020\/01\/CH2.jpg\">\r\n                                    <div class=\"b-link-stroke b-animate-go\">\r\n                                        <img src=\"http:\/\/b3concept.fr\/wp-content\/uploads\/2020\/01\/CH2-500x500.jpg\" class=\"gall-img-responsive\"\r\n                                             alt=\"CH2\">\r\n                                    <\/div>\r\n                                <\/a>\r\n\r\n                                <!--Gallery Label-->\r\n\t\t\t\t\t\t\t\t                            <\/div>\r\n                        <\/div>\r\n\t\t\t\t\t\t\t\t\t\t\t\t<div class=\"col-md-6 col-sm-6 wl-gallery\" data-src=\"http:\/\/b3concept.fr\/wp-content\/uploads\/2020\/01\/DSC_0219-500x500.jpg\" >\r\n\r\n                            <div class=\"img-box-shadow\">\r\n\r\n\t\t\t\t\t\t\t\t                                <a title=\"\" class=\"swipebox_1792\"\r\n                                   href=\"http:\/\/b3concept.fr\/wp-content\/uploads\/2020\/01\/DSC_0219.jpg\">\r\n                                    <div class=\"b-link-stroke b-animate-go\">\r\n                                        <img src=\"http:\/\/b3concept.fr\/wp-content\/uploads\/2020\/01\/DSC_0219-500x500.jpg\" class=\"gall-img-responsive\"\r\n                                             alt=\"DSC_0219\">\r\n                                    <\/div>\r\n                                <\/a>\r\n\r\n                                <!--Gallery Label-->\r\n\t\t\t\t\t\t\t\t                            <\/div>\r\n                        <\/div>\r\n\t\t\t\t\t\t\t\t\t\t\t\t<div class=\"col-md-6 col-sm-6 wl-gallery\" data-src=\"http:\/\/b3concept.fr\/wp-content\/uploads\/2020\/01\/Vue1-500x500.jpg\" >\r\n\r\n                            <div class=\"img-box-shadow\">\r\n\r\n\t\t\t\t\t\t\t\t                                <a title=\"\" class=\"swipebox_1792\"\r\n                                   href=\"http:\/\/b3concept.fr\/wp-content\/uploads\/2020\/01\/Vue1.jpg\">\r\n                                    <div class=\"b-link-stroke b-animate-go\">\r\n                                        <img src=\"http:\/\/b3concept.fr\/wp-content\/uploads\/2020\/01\/Vue1-500x500.jpg\" class=\"gall-img-responsive\"\r\n                                             alt=\"Vue1\">\r\n                                    <\/div>\r\n                                <\/a>\r\n\r\n                                <!--Gallery Label-->\r\n\t\t\t\t\t\t\t\t                            <\/div>\r\n                        <\/div>\r\n\t\t\t\t\t\t\t\t\t\t\t\t<div class=\"col-md-6 col-sm-6 wl-gallery\" data-src=\"http:\/\/b3concept.fr\/wp-content\/uploads\/2020\/01\/T6-500x500.jpg\" >\r\n\r\n                            <div class=\"img-box-shadow\">\r\n\r\n\t\t\t\t\t\t\t\t                                <a title=\"\" class=\"swipebox_1792\"\r\n                                   href=\"http:\/\/b3concept.fr\/wp-content\/uploads\/2020\/01\/T6.jpg\">\r\n                                    <div class=\"b-link-stroke b-animate-go\">\r\n                                        <img src=\"http:\/\/b3concept.fr\/wp-content\/uploads\/2020\/01\/T6-500x500.jpg\" class=\"gall-img-responsive\"\r\n                                             alt=\"T6\">\r\n                                    <\/div>\r\n                                <\/a>\r\n\r\n                                <!--Gallery Label-->\r\n\t\t\t\t\t\t\t\t                            <\/div>\r\n                        <\/div>\r\n\t\t\t\t\t\t            <\/div>\r\n\t\t    <\/div>\r\n\r\n    <!-- Swipe Box-->\r\n    \n<p>&nbsp;<\/p>\n","protected":false},"excerpt":{"rendered":"<p>Cannes Basse Californie, au sein de la r\u00e9sidence de standing disposant d\u2019un parc, d\u2019une piscine, d\u2019un gardien et \u00e0 proximit\u00e9 de toutes commodit\u00e9s, \u00e9coles et transport. Situation recherch\u00e9e par son calme et sa proximit\u00e9 banane et croisette \u00e0 500 m\u00e8tres. Au 3\u00e8me et avant dernier \u00e9tage d\u2019un immeuble des ann\u00e9es 60-70, appartement traversant type T3 &hellip; <\/p>\n<p class=\"link-more\"><a href=\"https:\/\/b3concept.fr\/?p=1792\" class=\"more-link\">Continuer la lecture<span class=\"screen-reader-text\"> de &laquo;&nbsp;Galerie Photos Cannes Basse Californie&nbsp;&raquo;<\/span><\/a><\/p>\n","protected":false},"author":1,"featured_media":0,"parent":0,"menu_order":0,"comment_status":"closed","ping_status":"closed","template":"","meta":[],"_links":{"self":[{"href":"https:\/\/b3concept.fr\/index.php\/wp-json\/wp\/v2\/pages\/1769"}],"collection":[{"href":"https:\/\/b3concept.fr\/index.php\/wp-json\/wp\/v2\/pages"}],"about":[{"href":"https:\/\/b3concept.fr\/index.php\/wp-json\/wp\/v2\/types\/page"}],"author":[{"embeddable":true,"href":"https:\/\/b3concept.fr\/index.php\/wp-json\/wp\/v2\/users\/1"}],"replies":[{"embeddable":true,"href":"https:\/\/b3concept.fr\/index.php\/wp-json\/wp\/v2\/comments?post=1769"}],"version-history":[{"count":5,"href":"https:\/\/b3concept.fr\/index.php\/wp-json\/wp\/v2\/pages\/1769\/revisions"}],"predecessor-version":[{"id":1794,"href":"https:\/\/b3concept.fr\/index.php\/wp-json\/wp\/v2\/pages\/1769\/revisions\/1794"}],"wp:attachment":[{"href":"https:\/\/b3concept.fr\/index.php\/wp-json\/wp\/v2\/media?parent=1769"}],"curies":[{"name":"wp","href":"https:\/\/api.w.org\/{rel}","templated":true}]}}