{"id":1617,"date":"2019-01-27T19:16:29","date_gmt":"2019-01-27T18:16:29","guid":{"rendered":"http:\/\/b3concept.fr\/?page_id=1617"},"modified":"2022-01-15T14:15:00","modified_gmt":"2022-01-15T13:15:00","slug":"terrain-golfe-juan-vallauris-constructible-1827","status":"publish","type":"page","link":"https:\/\/b3concept.fr\/index.php\/terrain-golfe-juan-vallauris-constructible-1827\/","title":{"rendered":"Terrain Golfe-Juan constructible 1 350 000 \u20ac"},"content":{"rendered":"<p><img loading=\"lazy\" class=\"alignnone wp-image-1967 size-full\" src=\"http:\/\/b3concept.fr\/wp-content\/uploads\/2019\/01\/NJ4B7139-copie-1.jpg\" alt=\"\" width=\"5578\" height=\"3254\" srcset=\"https:\/\/b3concept.fr\/wp-content\/uploads\/2019\/01\/NJ4B7139-copie-1.jpg 5578w, https:\/\/b3concept.fr\/wp-content\/uploads\/2019\/01\/NJ4B7139-copie-1-300x175.jpg 300w, https:\/\/b3concept.fr\/wp-content\/uploads\/2019\/01\/NJ4B7139-copie-1-768x448.jpg 768w, https:\/\/b3concept.fr\/wp-content\/uploads\/2019\/01\/NJ4B7139-copie-1-1024x597.jpg 1024w\" sizes=\"(max-width: 706px) 89vw, (max-width: 767px) 82vw, 740px\" \/><\/p>\n<hr \/>\n<p style=\"text-align: justify;\">Hauteurs de Golfe Juan, Vallauris. Dernier terrain nu des un secteur tr\u00e8s convoit\u00e9 et dot\u00e9 de Villa de luxes. Vue mer et Cap d&rsquo;Antibes imprenable \u00e0 180\u00b0, terrain constructible d&rsquo;environ 3.000 m\u00b2 en pente moyenne et restanque. Zone \u00e0 10 % et de 7 m\u00e8tre de hauteur pour le b\u00e2tis. Possibilit\u00e9 de construire une Villa de 180 m\u00b2 d&#8217;emprise au sol sur 2 niveaux soit 360 m\u00b2. Possibilit\u00e9 d&rsquo;avoir 2 acc\u00e8s. Cette parcelle poss\u00e8de une zone verte arbor\u00e9. Petit coin de paradis au calme absolu. Tout \u00e0 l&rsquo;\u00e9gout, viabilit\u00e9s en bordure de terrain, piscinable. Non soumis au DPE Les honoraires sont \u00e0 la charge du vendeur.<\/p>\n\t\r\n    <div class=\"gal-container\" id=\"slgf_1631\">\r\n\t\t            <!--get the post id-->\r\n\t\t\t\r\n            <!--Gallery Title-->\r\n\t\t\t                <div class=\"slg_title_class\">\r\n\t\t\t\t\tGalerie Photos Terrain Golfe-Juan Super Cannes                <\/div>\r\n\t\t\t\r\n            <div class=\"gallery1 lightgallery_1631\">\r\n\t\t\t\t\t\t\t\t\t\t<div class=\"col-md-6 col-sm-6 wl-gallery\" data-src=\"http:\/\/b3concept.fr\/wp-content\/uploads\/2019\/01\/NJ4B7139-500x500.jpg\" >\r\n\r\n                            <div class=\"img-box-shadow\">\r\n\r\n\t\t\t\t\t\t\t\t                                <a title=\"\" class=\"swipebox_1631\"\r\n                                   href=\"http:\/\/b3concept.fr\/wp-content\/uploads\/2019\/01\/NJ4B7139.jpg\">\r\n                                    <div class=\"b-link-stroke b-animate-go\">\r\n                                        <img src=\"http:\/\/b3concept.fr\/wp-content\/uploads\/2019\/01\/NJ4B7139-500x500.jpg\" class=\"gall-img-responsive\"\r\n                                             alt=\"NJ4B7139\">\r\n                                    <\/div>\r\n                                <\/a>\r\n\r\n                                <!--Gallery Label-->\r\n\t\t\t\t\t\t\t\t                            <\/div>\r\n                        <\/div>\r\n\t\t\t\t\t\t\t\t\t\t\t\t<div class=\"col-md-6 col-sm-6 wl-gallery\" data-src=\"http:\/\/b3concept.fr\/wp-content\/uploads\/2019\/01\/NJ4B7152-2-500x500.jpg\" >\r\n\r\n                            <div class=\"img-box-shadow\">\r\n\r\n\t\t\t\t\t\t\t\t                                <a title=\"\" class=\"swipebox_1631\"\r\n                                   href=\"http:\/\/b3concept.fr\/wp-content\/uploads\/2019\/01\/NJ4B7152-2.jpg\">\r\n                                    <div class=\"b-link-stroke b-animate-go\">\r\n                                        <img src=\"http:\/\/b3concept.fr\/wp-content\/uploads\/2019\/01\/NJ4B7152-2-500x500.jpg\" class=\"gall-img-responsive\"\r\n                                             alt=\"NJ4B7152-2\">\r\n                                    <\/div>\r\n                                <\/a>\r\n\r\n                                <!--Gallery Label-->\r\n\t\t\t\t\t\t\t\t                            <\/div>\r\n                        <\/div>\r\n\t\t\t\t\t\t\t\t\t\t\t\t<div class=\"col-md-6 col-sm-6 wl-gallery\" data-src=\"http:\/\/b3concept.fr\/wp-content\/uploads\/2019\/01\/J4B7126-copie-500x500.jpg\" >\r\n\r\n                            <div class=\"img-box-shadow\">\r\n\r\n\t\t\t\t\t\t\t\t                                <a title=\"\" class=\"swipebox_1631\"\r\n                                   href=\"http:\/\/b3concept.fr\/wp-content\/uploads\/2019\/01\/J4B7126-copie.jpg\">\r\n                                    <div class=\"b-link-stroke b-animate-go\">\r\n                                        <img src=\"http:\/\/b3concept.fr\/wp-content\/uploads\/2019\/01\/J4B7126-copie-500x500.jpg\" class=\"gall-img-responsive\"\r\n                                             alt=\"_J4B7126 copie\">\r\n                                    <\/div>\r\n                                <\/a>\r\n\r\n                                <!--Gallery Label-->\r\n\t\t\t\t\t\t\t\t                            <\/div>\r\n                        <\/div>\r\n\t\t\t\t\t\t\t\t\t\t\t\t<div class=\"col-md-6 col-sm-6 wl-gallery\" data-src=\"http:\/\/b3concept.fr\/wp-content\/uploads\/2019\/01\/NJ4B7139-copie-500x500.jpg\" >\r\n\r\n                            <div class=\"img-box-shadow\">\r\n\r\n\t\t\t\t\t\t\t\t                                <a title=\"\" class=\"swipebox_1631\"\r\n                                   href=\"http:\/\/b3concept.fr\/wp-content\/uploads\/2019\/01\/NJ4B7139-copie.jpg\">\r\n                                    <div class=\"b-link-stroke b-animate-go\">\r\n                                        <img src=\"http:\/\/b3concept.fr\/wp-content\/uploads\/2019\/01\/NJ4B7139-copie-500x500.jpg\" class=\"gall-img-responsive\"\r\n                                             alt=\"NJ4B7139 copie\">\r\n                                    <\/div>\r\n                                <\/a>\r\n\r\n                                <!--Gallery Label-->\r\n\t\t\t\t\t\t\t\t                            <\/div>\r\n                        <\/div>\r\n\t\t\t\t\t\t\t\t\t\t\t\t<div class=\"col-md-6 col-sm-6 wl-gallery\" data-src=\"http:\/\/b3concept.fr\/wp-content\/uploads\/2019\/01\/NJ4B7139-copie-1-500x500.jpg\" >\r\n\r\n                            <div class=\"img-box-shadow\">\r\n\r\n\t\t\t\t\t\t\t\t                                <a title=\"\" class=\"swipebox_1631\"\r\n                                   href=\"http:\/\/b3concept.fr\/wp-content\/uploads\/2019\/01\/NJ4B7139-copie-1.jpg\">\r\n                                    <div class=\"b-link-stroke b-animate-go\">\r\n                                        <img src=\"http:\/\/b3concept.fr\/wp-content\/uploads\/2019\/01\/NJ4B7139-copie-1-500x500.jpg\" class=\"gall-img-responsive\"\r\n                                             alt=\"NJ4B7139-copie\">\r\n                                    <\/div>\r\n                                <\/a>\r\n\r\n                                <!--Gallery Label-->\r\n\t\t\t\t\t\t\t\t                            <\/div>\r\n                        <\/div>\r\n\t\t\t\t\t\t            <\/div>\r\n\t\t    <\/div>\r\n\r\n    <!-- Swipe Box-->\r\n    \n<p>&nbsp;<\/p>\n<p>&nbsp;<\/p>\n","protected":false},"excerpt":{"rendered":"<p>Hauteurs de Golfe Juan, Vallauris. Dernier terrain nu des un secteur tr\u00e8s convoit\u00e9 et dot\u00e9 de Villa de luxes. Vue mer et Cap d&rsquo;Antibes imprenable \u00e0 180\u00b0, terrain constructible d&rsquo;environ 3.000 m\u00b2 en pente moyenne et restanque. Zone \u00e0 10 % et de 7 m\u00e8tre de hauteur pour le b\u00e2tis. Possibilit\u00e9 de construire une Villa &hellip; <\/p>\n<p class=\"link-more\"><a href=\"https:\/\/b3concept.fr\/?p=1631\" class=\"more-link\">Continuer la lecture<span class=\"screen-reader-text\"> de &laquo;&nbsp;Galerie Photos Terrain Golfe-Juan Super Cannes&nbsp;&raquo;<\/span><\/a><\/p>\n","protected":false},"author":1,"featured_media":0,"parent":0,"menu_order":0,"comment_status":"closed","ping_status":"closed","template":"","meta":[],"_links":{"self":[{"href":"https:\/\/b3concept.fr\/index.php\/wp-json\/wp\/v2\/pages\/1617"}],"collection":[{"href":"https:\/\/b3concept.fr\/index.php\/wp-json\/wp\/v2\/pages"}],"about":[{"href":"https:\/\/b3concept.fr\/index.php\/wp-json\/wp\/v2\/types\/page"}],"author":[{"embeddable":true,"href":"https:\/\/b3concept.fr\/index.php\/wp-json\/wp\/v2\/users\/1"}],"replies":[{"embeddable":true,"href":"https:\/\/b3concept.fr\/index.php\/wp-json\/wp\/v2\/comments?post=1617"}],"version-history":[{"count":5,"href":"https:\/\/b3concept.fr\/index.php\/wp-json\/wp\/v2\/pages\/1617\/revisions"}],"predecessor-version":[{"id":1968,"href":"https:\/\/b3concept.fr\/index.php\/wp-json\/wp\/v2\/pages\/1617\/revisions\/1968"}],"wp:attachment":[{"href":"https:\/\/b3concept.fr\/index.php\/wp-json\/wp\/v2\/media?parent=1617"}],"curies":[{"name":"wp","href":"https:\/\/api.w.org\/{rel}","templated":true}]}}