{"id":1596,"date":"2019-01-27T18:56:46","date_gmt":"2019-01-27T17:56:46","guid":{"rendered":"http:\/\/b3concept.fr\/?page_id=1596"},"modified":"2019-01-27T19:12:53","modified_gmt":"2019-01-27T18:12:53","slug":"golfe-juan-super-cannes-villa1827","status":"publish","type":"page","link":"https:\/\/b3concept.fr\/index.php\/golfe-juan-super-cannes-villa1827\/","title":{"rendered":"Golfe-Juan &#8211; Super Cannes &#8211; Villa &#8211; 3 780 000 \u20ac"},"content":{"rendered":"<p><img loading=\"lazy\" class=\"alignnone wp-image-1601 size-full\" src=\"http:\/\/b3concept.fr\/wp-content\/uploads\/2019\/01\/S\u00e9jour-1.jpg\" alt=\"\" width=\"5760\" height=\"3840\" srcset=\"https:\/\/b3concept.fr\/wp-content\/uploads\/2019\/01\/S\u00e9jour-1.jpg 5760w, https:\/\/b3concept.fr\/wp-content\/uploads\/2019\/01\/S\u00e9jour-1-300x200.jpg 300w, https:\/\/b3concept.fr\/wp-content\/uploads\/2019\/01\/S\u00e9jour-1-768x512.jpg 768w, https:\/\/b3concept.fr\/wp-content\/uploads\/2019\/01\/S\u00e9jour-1-1024x683.jpg 1024w\" sizes=\"(max-width: 706px) 89vw, (max-width: 767px) 82vw, 740px\" \/><\/p>\n<hr \/>\n<p style=\"text-align: justify;\">Dans le Quartier du \u00ab\u00a0SUPER CANNES\u00a0\u00bb, venez \u00e0 la rencontre d\u2019un bien d\u2019exception, nich\u00e9 dans l\u2019un des secteurs les plus convoit\u00e9s, au c\u0153ur d\u2019une parcelle de 6.500 m\u00b2 dont une partie class\u00e9e en zone verte et b\u00e9n\u00e9ficiant d\u2019une v\u00e9g\u00e9tation luxuriante et d\u2019un panorama d\u2019exception surplombant la mer et offrant une vue \u00e0 180\u00b0 du Cap-d\u2019Antibes aux Iles de L\u00e9rins.<\/p>\n<p style=\"text-align: justify;\">Villa construite en 1986 compos\u00e9e de 8 pi\u00e8ces principales b\u00e9n\u00e9ficiant toutes de la vue mer, situ\u00e9 en position dominante \u00e0 moins de 2 km du port de Golfe-Juan et \u00e0 2 km des premiers commerces Cannois.<\/p>\n<p style=\"text-align: justify;\">Expos\u00e9e sud, elle d\u00e9veloppe une superficie de 250 m\u00b2, sur un terrain d&rsquo;environ 6.500 m\u00b2 qui peut \u00eatre scind\u00e9 en 2 parcelles pour la construction d\u2019une seconde Villa.<\/p>\n<p>Salon\/salle \u00e0 manger, cuisine, 4 chambres dont 2 suite, d\u00e9pendance et cave.<\/p>\n<p style=\"text-align: justify;\">Piscine profitant d\u2019une vue extraordinaire du la mer et le Cap d\u2019Antibes.<\/p>\n<p style=\"text-align: justify;\">La Villa est \u00e0 r\u00e9nover enti\u00e8rement, elle b\u00e9n\u00e9ficie de possibilit\u00e9s d\u2019extensions<\/p>\n<p style=\"text-align: justify;\">Au calme<\/p>\n\t\r\n    <div class=\"gal-container\" id=\"slgf_1614\">\r\n\t\t            <!--get the post id-->\r\n\t\t\t\r\n            <!--Gallery Title-->\r\n\t\t\t                <div class=\"slg_title_class\">\r\n\t\t\t\t\tGalerie Photos Villa Super Cannes Vue mer                <\/div>\r\n\t\t\t\r\n            <div class=\"gallery1 lightgallery_1614\">\r\n\t\t\t\t\t\t\t\t\t\t<div class=\"col-md-6 col-sm-6 wl-gallery\" data-src=\"http:\/\/b3concept.fr\/wp-content\/uploads\/2019\/01\/J4B6982-copie-500x500.jpg\" >\r\n\r\n                            <div class=\"img-box-shadow\">\r\n\r\n\t\t\t\t\t\t\t\t                                <a title=\"\" class=\"swipebox_1614\"\r\n                                   href=\"http:\/\/b3concept.fr\/wp-content\/uploads\/2019\/01\/J4B6982-copie.jpg\">\r\n                                    <div class=\"b-link-stroke b-animate-go\">\r\n                                        <img src=\"http:\/\/b3concept.fr\/wp-content\/uploads\/2019\/01\/J4B6982-copie-500x500.jpg\" class=\"gall-img-responsive\"\r\n                                             alt=\"_J4B6982 copie\">\r\n                                    <\/div>\r\n                                <\/a>\r\n\r\n                                <!--Gallery Label-->\r\n\t\t\t\t\t\t\t\t                            <\/div>\r\n                        <\/div>\r\n\t\t\t\t\t\t\t\t\t\t\t\t<div class=\"col-md-6 col-sm-6 wl-gallery\" data-src=\"http:\/\/b3concept.fr\/wp-content\/uploads\/2019\/01\/NJ4B7110-500x500.jpg\" >\r\n\r\n                            <div class=\"img-box-shadow\">\r\n\r\n\t\t\t\t\t\t\t\t                                <a title=\"\" class=\"swipebox_1614\"\r\n                                   href=\"http:\/\/b3concept.fr\/wp-content\/uploads\/2019\/01\/NJ4B7110.jpg\">\r\n                                    <div class=\"b-link-stroke b-animate-go\">\r\n                                        <img src=\"http:\/\/b3concept.fr\/wp-content\/uploads\/2019\/01\/NJ4B7110-500x500.jpg\" class=\"gall-img-responsive\"\r\n                                             alt=\"NJ4B7110\">\r\n                                    <\/div>\r\n                                <\/a>\r\n\r\n                                <!--Gallery Label-->\r\n\t\t\t\t\t\t\t\t                            <\/div>\r\n                        <\/div>\r\n\t\t\t\t\t\t\t\t\t\t\t\t<div class=\"col-md-6 col-sm-6 wl-gallery\" data-src=\"http:\/\/b3concept.fr\/wp-content\/uploads\/2019\/01\/J4B7105-500x500.jpg\" >\r\n\r\n                            <div class=\"img-box-shadow\">\r\n\r\n\t\t\t\t\t\t\t\t                                <a title=\"\" class=\"swipebox_1614\"\r\n                                   href=\"http:\/\/b3concept.fr\/wp-content\/uploads\/2019\/01\/J4B7105.jpg\">\r\n                                    <div class=\"b-link-stroke b-animate-go\">\r\n                                        <img src=\"http:\/\/b3concept.fr\/wp-content\/uploads\/2019\/01\/J4B7105-500x500.jpg\" class=\"gall-img-responsive\"\r\n                                             alt=\"_J4B7105\">\r\n                                    <\/div>\r\n                                <\/a>\r\n\r\n                                <!--Gallery Label-->\r\n\t\t\t\t\t\t\t\t                            <\/div>\r\n                        <\/div>\r\n\t\t\t\t\t\t\t\t\t\t\t\t<div class=\"col-md-6 col-sm-6 wl-gallery\" data-src=\"http:\/\/b3concept.fr\/wp-content\/uploads\/2019\/01\/J4B7106-500x500.jpg\" >\r\n\r\n                            <div class=\"img-box-shadow\">\r\n\r\n\t\t\t\t\t\t\t\t                                <a title=\"\" class=\"swipebox_1614\"\r\n                                   href=\"http:\/\/b3concept.fr\/wp-content\/uploads\/2019\/01\/J4B7106.jpg\">\r\n                                    <div class=\"b-link-stroke b-animate-go\">\r\n                                        <img src=\"http:\/\/b3concept.fr\/wp-content\/uploads\/2019\/01\/J4B7106-500x500.jpg\" class=\"gall-img-responsive\"\r\n                                             alt=\"_J4B7106\">\r\n                                    <\/div>\r\n                                <\/a>\r\n\r\n                                <!--Gallery Label-->\r\n\t\t\t\t\t\t\t\t                            <\/div>\r\n                        <\/div>\r\n\t\t\t\t\t\t\t\t\t\t\t\t<div class=\"col-md-6 col-sm-6 wl-gallery\" data-src=\"http:\/\/b3concept.fr\/wp-content\/uploads\/2019\/01\/J4B7113-2-500x500.jpg\" >\r\n\r\n                            <div class=\"img-box-shadow\">\r\n\r\n\t\t\t\t\t\t\t\t                                <a title=\"\" class=\"swipebox_1614\"\r\n                                   href=\"http:\/\/b3concept.fr\/wp-content\/uploads\/2019\/01\/J4B7113-2.jpg\">\r\n                                    <div class=\"b-link-stroke b-animate-go\">\r\n                                        <img src=\"http:\/\/b3concept.fr\/wp-content\/uploads\/2019\/01\/J4B7113-2-500x500.jpg\" class=\"gall-img-responsive\"\r\n                                             alt=\"_J4B7113-2\">\r\n                                    <\/div>\r\n                                <\/a>\r\n\r\n                                <!--Gallery Label-->\r\n\t\t\t\t\t\t\t\t                            <\/div>\r\n                        <\/div>\r\n\t\t\t\t\t\t\t\t\t\t\t\t<div class=\"col-md-6 col-sm-6 wl-gallery\" data-src=\"http:\/\/b3concept.fr\/wp-content\/uploads\/2019\/01\/S\u00e9jour-2-500x500.jpg\" >\r\n\r\n                            <div class=\"img-box-shadow\">\r\n\r\n\t\t\t\t\t\t\t\t                                <a title=\"\" class=\"swipebox_1614\"\r\n                                   href=\"http:\/\/b3concept.fr\/wp-content\/uploads\/2019\/01\/S\u00e9jour-2.jpg\">\r\n                                    <div class=\"b-link-stroke b-animate-go\">\r\n                                        <img src=\"http:\/\/b3concept.fr\/wp-content\/uploads\/2019\/01\/S\u00e9jour-2-500x500.jpg\" class=\"gall-img-responsive\"\r\n                                             alt=\"S\u00e9jour 2\">\r\n                                    <\/div>\r\n                                <\/a>\r\n\r\n                                <!--Gallery Label-->\r\n\t\t\t\t\t\t\t\t                            <\/div>\r\n                        <\/div>\r\n\t\t\t\t\t\t\t\t\t\t\t\t<div class=\"col-md-6 col-sm-6 wl-gallery\" data-src=\"http:\/\/b3concept.fr\/wp-content\/uploads\/2019\/01\/S\u00e9jour-3-500x500.jpg\" >\r\n\r\n                            <div class=\"img-box-shadow\">\r\n\r\n\t\t\t\t\t\t\t\t                                <a title=\"\" class=\"swipebox_1614\"\r\n                                   href=\"http:\/\/b3concept.fr\/wp-content\/uploads\/2019\/01\/S\u00e9jour-3.jpg\">\r\n                                    <div class=\"b-link-stroke b-animate-go\">\r\n                                        <img src=\"http:\/\/b3concept.fr\/wp-content\/uploads\/2019\/01\/S\u00e9jour-3-500x500.jpg\" class=\"gall-img-responsive\"\r\n                                             alt=\"S\u00e9jour 3\">\r\n                                    <\/div>\r\n                                <\/a>\r\n\r\n                                <!--Gallery Label-->\r\n\t\t\t\t\t\t\t\t                            <\/div>\r\n                        <\/div>\r\n\t\t\t\t\t\t\t\t\t\t\t\t<div class=\"col-md-6 col-sm-6 wl-gallery\" data-src=\"http:\/\/b3concept.fr\/wp-content\/uploads\/2019\/01\/Chambre-2--500x500.jpg\" >\r\n\r\n                            <div class=\"img-box-shadow\">\r\n\r\n\t\t\t\t\t\t\t\t                                <a title=\"\" class=\"swipebox_1614\"\r\n                                   href=\"http:\/\/b3concept.fr\/wp-content\/uploads\/2019\/01\/Chambre-2-.jpg\">\r\n                                    <div class=\"b-link-stroke b-animate-go\">\r\n                                        <img src=\"http:\/\/b3concept.fr\/wp-content\/uploads\/2019\/01\/Chambre-2--500x500.jpg\" class=\"gall-img-responsive\"\r\n                                             alt=\"Chambre 2\">\r\n                                    <\/div>\r\n                                <\/a>\r\n\r\n                                <!--Gallery Label-->\r\n\t\t\t\t\t\t\t\t                            <\/div>\r\n                        <\/div>\r\n\t\t\t\t\t\t\t\t\t\t\t\t<div class=\"col-md-6 col-sm-6 wl-gallery\" data-src=\"http:\/\/b3concept.fr\/wp-content\/uploads\/2019\/01\/Terrasse-Chambre-500x500.jpg\" >\r\n\r\n                            <div class=\"img-box-shadow\">\r\n\r\n\t\t\t\t\t\t\t\t                                <a title=\"\" class=\"swipebox_1614\"\r\n                                   href=\"http:\/\/b3concept.fr\/wp-content\/uploads\/2019\/01\/Terrasse-Chambre.jpg\">\r\n                                    <div class=\"b-link-stroke b-animate-go\">\r\n                                        <img src=\"http:\/\/b3concept.fr\/wp-content\/uploads\/2019\/01\/Terrasse-Chambre-500x500.jpg\" class=\"gall-img-responsive\"\r\n                                             alt=\"Terrasse Chambre\">\r\n                                    <\/div>\r\n                                <\/a>\r\n\r\n                                <!--Gallery Label-->\r\n\t\t\t\t\t\t\t\t                            <\/div>\r\n                        <\/div>\r\n\t\t\t\t\t\t\t\t\t\t\t\t<div class=\"col-md-6 col-sm-6 wl-gallery\" data-src=\"http:\/\/b3concept.fr\/wp-content\/uploads\/2019\/01\/S\u00e9jour-1-500x500.jpg\" >\r\n\r\n                            <div class=\"img-box-shadow\">\r\n\r\n\t\t\t\t\t\t\t\t                                <a title=\"\" class=\"swipebox_1614\"\r\n                                   href=\"http:\/\/b3concept.fr\/wp-content\/uploads\/2019\/01\/S\u00e9jour-1.jpg\">\r\n                                    <div class=\"b-link-stroke b-animate-go\">\r\n                                        <img src=\"http:\/\/b3concept.fr\/wp-content\/uploads\/2019\/01\/S\u00e9jour-1-500x500.jpg\" class=\"gall-img-responsive\"\r\n                                             alt=\"S\u00e9jour 1\">\r\n                                    <\/div>\r\n                                <\/a>\r\n\r\n                                <!--Gallery Label-->\r\n\t\t\t\t\t\t\t\t                            <\/div>\r\n                        <\/div>\r\n\t\t\t\t\t\t            <\/div>\r\n\t\t    <\/div>\r\n\r\n    <!-- Swipe Box-->\r\n    \n<p>&nbsp;<\/p>\n<p>&nbsp;<\/p>\n","protected":false},"excerpt":{"rendered":"<p>Dans le Quartier du \u00ab\u00a0SUPER CANNES\u00a0\u00bb, venez \u00e0 la rencontre d\u2019un bien d\u2019exception, nich\u00e9 dans l\u2019un des secteurs les plus convoit\u00e9s, au c\u0153ur d\u2019une parcelle de 6.500 m\u00b2 dont une partie class\u00e9e en zone verte et b\u00e9n\u00e9ficiant d\u2019une v\u00e9g\u00e9tation luxuriante et d\u2019un panorama d\u2019exception surplombant la mer et offrant une vue \u00e0 180\u00b0 du Cap-d\u2019Antibes &hellip; <\/p>\n<p class=\"link-more\"><a href=\"https:\/\/b3concept.fr\/?p=1614\" class=\"more-link\">Continuer la lecture<span class=\"screen-reader-text\"> de &laquo;&nbsp;Galerie Photos Villa Super Cannes Vue mer&nbsp;&raquo;<\/span><\/a><\/p>\n","protected":false},"author":1,"featured_media":0,"parent":0,"menu_order":0,"comment_status":"closed","ping_status":"closed","template":"","meta":[],"_links":{"self":[{"href":"https:\/\/b3concept.fr\/index.php\/wp-json\/wp\/v2\/pages\/1596"}],"collection":[{"href":"https:\/\/b3concept.fr\/index.php\/wp-json\/wp\/v2\/pages"}],"about":[{"href":"https:\/\/b3concept.fr\/index.php\/wp-json\/wp\/v2\/types\/page"}],"author":[{"embeddable":true,"href":"https:\/\/b3concept.fr\/index.php\/wp-json\/wp\/v2\/users\/1"}],"replies":[{"embeddable":true,"href":"https:\/\/b3concept.fr\/index.php\/wp-json\/wp\/v2\/comments?post=1596"}],"version-history":[{"count":5,"href":"https:\/\/b3concept.fr\/index.php\/wp-json\/wp\/v2\/pages\/1596\/revisions"}],"predecessor-version":[{"id":1616,"href":"https:\/\/b3concept.fr\/index.php\/wp-json\/wp\/v2\/pages\/1596\/revisions\/1616"}],"wp:attachment":[{"href":"https:\/\/b3concept.fr\/index.php\/wp-json\/wp\/v2\/media?parent=1596"}],"curies":[{"name":"wp","href":"https:\/\/api.w.org\/{rel}","templated":true}]}}